{"id":889,"date":"2021-05-13T09:39:33","date_gmt":"2021-05-13T07:39:33","guid":{"rendered":"https:\/\/www.calmagidevilanova.cat\/fr\/?page_id=889"},"modified":"2021-05-29T17:17:53","modified_gmt":"2021-05-29T15:17:53","slug":"politique-de-cookies","status":"publish","type":"page","link":"https:\/\/www.calmagidevilanova.cat\/fr\/politique-de-cookies\/","title":{"rendered":"Politique de Cookies"},"content":{"rendered":"\n<div style=\"height:60px\" aria-hidden=\"true\" class=\"wp-block-spacer\"><\/div>\n\n\n\n<h2 class=\"has-text-color wp-block-heading\" style=\"color:#727430\">Politique de Cookies<\/h2>\n\n\n\n<p><strong>1. ANT\u00c9C\u00c9DENTS<\/strong><\/p>\n\n\n\n<p>Conform\u00e9ment \u00e0 la r\u00e9glementation espagnole r\u00e9gissant l&rsquo;utilisation des cookies dans le cadre de la fourniture de services de communications \u00e9lectroniques, incluse dans l&rsquo;article 22.2 de la loi 34\/2002 du 11 juillet sur les services de la soci\u00e9t\u00e9 de l&rsquo;information et le commerce \u00e9lectronique, nous vous informons des cookies utilis\u00e9s dans ce site Web de Cal Mag\u00ed de Vilanova et la raison de leur utilisation.<\/p>\n\n\n\n<p><strong>2. QUE SONT LES COOKIES?<\/strong><\/p>\n\n\n\n<p>Un cookie est un fichier t\u00e9l\u00e9charg\u00e9 sur votre ordinateur lorsque vous acc\u00e9dez \u00e0 certaines pages Web. Les cookies permettent, entre autres, \u00e0 un site Web de stocker et de r\u00e9cup\u00e9rer des informations sur les habitudes de navigation de l&rsquo;utilisateur ou de son ordinateur et, en fonction des informations qu&rsquo;il contient et de la mani\u00e8re dont votre ordinateur est utilis\u00e9, ils peuvent \u00eatre utilis\u00e9s pour reconna\u00eetre l&rsquo;utilisateur. . Les cookies sont associ\u00e9s uniquement \u00e0 un utilisateur anonyme et \u00e0 son ordinateur ou appareil et ne fournissent pas de r\u00e9f\u00e9rences nous permettant de conna\u00eetre ses donn\u00e9es personnelles.<\/p>\n\n\n\n<p><strong>3. TYPES DE COOKIES<\/strong><\/p>\n\n\n\n<p>3.1. <span style=\"text-decoration: underline;\">En fonction de l&rsquo;entit\u00e9 qui les g\u00e8re<\/span><\/p>\n\n\n\n<p><strong>a. Cookies propres<\/strong>: ce sont ceux qui sont envoy\u00e9s \u00e0 l&rsquo;\u00e9quipement terminal de l&rsquo;utilisateur \u00e0 partir d&rsquo;un ordinateur ou d&rsquo;un domaine g\u00e9r\u00e9 par l&rsquo;\u00e9diteur et \u00e0 partir duquel le service demand\u00e9 par l&rsquo;utilisateur est fourni.<\/p>\n\n\n\n<p><strong>b. Cookies tiers<\/strong>: ce sont ceux qui sont envoy\u00e9s \u00e0 l&rsquo;\u00e9quipement terminal de l&rsquo;utilisateur \u00e0 partir d&rsquo;un ordinateur ou d&rsquo;un domaine qui n&rsquo;est pas g\u00e9r\u00e9 par l&rsquo;\u00e9diteur, mais par une autre entit\u00e9 qui traite les donn\u00e9es obtenues gr\u00e2ce aux cookies.<\/p>\n\n\n\n<p>3.2. <span style=\"text-decoration: underline;\">Selon le but<\/span><\/p>\n\n\n\n<p>En fonction de la finalit\u00e9 pour laquelle les donn\u00e9es obtenues via les cookies sont trait\u00e9es, celles-ci peuvent \u00eatre:<\/p>\n\n\n\n<p><strong>a. Cookies techniques<\/strong>: ce sont ceux qui permettent \u00e0 l&rsquo;utilisateur de naviguer \u00e0 travers un site Web, une plate-forme ou une application et l&rsquo;utilisation de diff\u00e9rentes options ou services &#8211; Inclure ceux que l&rsquo;\u00e9diteur utilise pour permettre la gestion et le fonctionnement de la page Web et activer ses fonctions et services . Par exemple: contr\u00f4ler le trafic et la communication des donn\u00e9es, identifier la session, acc\u00e9der aux parties \u00e0 acc\u00e8s restreint, m\u00e9moriser les \u00e9l\u00e9ments qui composent une commande, effectuer le processus d&rsquo;achat de la commande, g\u00e9rer le paiement, contr\u00f4ler la fraude li\u00e9e \u00e0 la s\u00e9curit\u00e9 du service, faire le demande d&rsquo;inscription ou de participation \u00e0 un \u00e9v\u00e9nement, comptabiliser les visites \u00e0 des fins de facturation des licences logicielles avec lesquelles le service fonctionne (site Web, plateforme ou application), utiliser des \u00e9l\u00e9ments de s\u00e9curit\u00e9 lors de la navigation, stocker du contenu pour le streaming vid\u00e9o ou audio, activer un contenu dynamique ( par exemple, t\u00e9l\u00e9charger un texte ou une image) ou partager du contenu via les m\u00e9dias sociaux.<br>Les cookies techniques seront dispens\u00e9s du respect des obligations \u00e9tablies \u00e0 l&rsquo;article 22.2 de la LSSI lorsqu&rsquo;ils permettent la fourniture du service demand\u00e9 par l&rsquo;utilisateur, comme cela se produit dans le cas des cookies list\u00e9s dans les paragraphes pr\u00e9c\u00e9dents. Cependant, si ces cookies sont \u00e9galement utilis\u00e9s \u00e0 des fins non exemptes (par exemple, \u00e0 des fins de publicit\u00e9 comportementale), ils sont soumis \u00e0 ces obligations.<\/p>\n\n\n\n<p><strong>b. Cookies de pr\u00e9f\u00e9rences ou de personnalisation<\/strong>: ceux-ci vous permettent de m\u00e9moriser des informations afin que l&rsquo;utilisateur puisse acc\u00e9der au service avec certaines caract\u00e9ristiques qui peuvent diff\u00e9rencier son exp\u00e9rience de celle des autres utilisateurs. Par exemple: la langue, le nombre de r\u00e9sultats \u00e0 afficher lorsque l&rsquo;utilisateur effectue une recherche, l&rsquo;apparence ou le contenu du service en fonction du type de navigateur par lequel l&rsquo;utilisateur acc\u00e8de au service ou de la r\u00e9gion \u00e0 partir de laquelle acc\u00e8de au service, etc. Si l&rsquo;utilisateur choisit ces fonctionnalit\u00e9s (par exemple, si vous s\u00e9lectionnez la langue d&rsquo;un site internet en cliquant sur l&rsquo;ic\u00f4ne drapeau du pays correspondant), les cookies seront exclus des obligations de l&rsquo;article 22.2 de la LSSI pour \u00eatre consid\u00e9r\u00e9s comme un service express\u00e9ment demand\u00e9 par l&rsquo;utilisateur, \u00e0 condition que les cookies respectent exclusivement la finalit\u00e9 choisie.<\/p>\n\n\n\n<p><strong>c. Cookies d&rsquo;analyse ou de mesure<\/strong>: ils permettent aux personnes charg\u00e9es de surveiller et d&rsquo;analyser le comportement des utilisateurs des sites Web auxquels ils sont li\u00e9s, y compris de quantifier les impacts des publicit\u00e9s. Les informations collect\u00e9es via ce type de cookie sont utilis\u00e9es pour mesurer l&rsquo;activit\u00e9 des sites Web, des applications ou des plates-formes, afin d&rsquo;introduire des am\u00e9liorations bas\u00e9es sur l&rsquo;analyse des donn\u00e9es d&rsquo;utilisation effectu\u00e9es par les utilisateurs du service.<\/p>\n\n\n\n<p><strong>d. Cookies de publicit\u00e9 comportementale<\/strong>: ce sont ceux qui stockent des informations sur le comportement des utilisateurs obtenues gr\u00e2ce \u00e0 une observation continue de leurs habitudes de navigation, ce qui vous permet de d\u00e9velopper un profil sp\u00e9cifique pour afficher de la publicit\u00e9 en fonction de celui-ci.<\/p>\n\n\n\n<p>3.3. <span style=\"text-decoration: underline;\">En fonction de la dur\u00e9e pendant laquelle ils restent activ\u00e9s<\/span><\/p>\n\n\n\n<p><strong>a. Cookies de session<\/strong>: ce sont ceux con\u00e7us pour demander et stocker des donn\u00e9es pendant que l&rsquo;utilisateur acc\u00e8de \u00e0 une page Web. Ils sont g\u00e9n\u00e9ralement utilis\u00e9s pour stocker des informations qui ne pr\u00e9sentent qu&rsquo;un int\u00e9r\u00eat \u00e0 conserver pour la fourniture du service demand\u00e9 par l&rsquo;utilisateur en une seule fois (par exemple, une liste de produits achet\u00e9s) et disparaissent \u00e0 la fin de la session.<\/p>\n\n\n\n<p><strong>b. Cookies persistants<\/strong>: ce sont ceux dans lesquels les donn\u00e9es sont encore stock\u00e9es dans le terminal et peuvent \u00eatre consult\u00e9es et trait\u00e9es pendant une dur\u00e9e d\u00e9finie par le responsable du cookie, et qui peut aller de quelques minutes \u00e0 plusieurs ann\u00e9es.<\/p>\n\n\n\n<p><strong>4. LISTE DES COOKIES UTILIS\u00c9S PAR CE SITE WEB<\/strong><\/p>\n\n\n\n<p>L&rsquo;utilisation de cookies offre des avantages dans la fourniture de services au sein de ce que l&rsquo;on appelle la soci\u00e9t\u00e9 de l&rsquo;information, car elle facilite la navigation de l&rsquo;utilisateur et l&rsquo;acc\u00e8s aux diff\u00e9rents services propos\u00e9s par ce site. Emp\u00eache l&rsquo;utilisateur d&rsquo;avoir \u00e0 configurer des fonctionnalit\u00e9s g\u00e9n\u00e9rales pr\u00e9d\u00e9finies chaque fois qu&rsquo;il acc\u00e8de \u00e0 la page Web; favorise l&rsquo;am\u00e9lioration du fonctionnement et des services fournis via ce site, apr\u00e8s l&rsquo;analyse correspondante des informations obtenues gr\u00e2ce aux cookies install\u00e9s.<\/p>\n\n\n\n<p>Plus pr\u00e9cis\u00e9ment, ce site Web utilise les cookies suivants:<\/p>\n\n\n\n<figure class=\"wp-block-table\"><table><tbody><tr><td><strong>Nom<\/strong><\/td><td><strong>Entit\u00e9&nbsp;<\/strong><\/td><td><strong>Expiration<\/strong><\/td><td><strong>Finalit\u00e9<\/strong><\/td><\/tr><tr><td>__utma<\/td><td>Tiers (Google Analytics)<\/td><td>2 ann\u00e9es<\/td><td>Utilis\u00e9 pour distinguer les utilisateurs et les sessions.<\/td><\/tr><tr><td>__utmb<\/td><td>Tiers (Google Analytics)<\/td><td>30 minutes<\/td><td>Utilis\u00e9 pour d\u00e9terminer les nouvelles sessions ou visites.<\/td><\/tr><\/tbody><\/table><\/figure>\n\n\n\n<p><strong>5. R\u00c9VOCATION ET SUPPRESSION DES COOKIES<\/strong><\/p>\n\n\n\n<p>Vous pouvez acc\u00e9der \u00e0 tout moment aux param\u00e8tres de votre navigateur en acceptant ou en refusant tous les cookies, ou en s\u00e9lectionnant ceux que l&rsquo;installation prend en charge, en suivant les proc\u00e9dures du navigateur que vous utilisez.<\/p>\n\n\n\n<p><strong>6. TROISIEME FOURNISSEURS DE SERVICES<\/strong><\/p>\n\n\n\n<p>Les fournisseurs de services tiers avec lesquels nous avons souscrit un service pour lequel l&rsquo;utilisation de cookies est n\u00e9cessaire sont \u00e9num\u00e9r\u00e9s ci-dessous:<\/p>\n\n\n\n<figure class=\"wp-block-table\"><table><tbody><tr><td><strong>Fournisseur<\/strong><\/td><td><strong>Finalit\u00e9 du Service et du Cookie<\/strong><\/td><td><strong>Informations sur le Fournisseur<\/strong><\/td><\/tr><tr><td>GOOGLE Inc.<\/td><td>Analyse statistique du site Web en termes de comptage des visiteurs, pages visit\u00e9es, mots-cl\u00e9s utilis\u00e9s, etc.<\/td><td>http:\/\/www.google.es\/intl\/es\/policies\/privacy\/<\/td><\/tr><\/tbody><\/table><\/figure>\n\n\n\n<div style=\"height:60px\" aria-hidden=\"true\" class=\"wp-block-spacer\"><\/div>\n","protected":false},"excerpt":{"rendered":"<p>Politique de Cookies 1. ANT\u00c9C\u00c9DENTS Conform\u00e9ment \u00e0 la r\u00e9glementation espagnole r\u00e9gissant l&rsquo;utilisation des cookies dans le cadre de la fourniture de services de communications \u00e9lectroniques, incluse dans l&rsquo;article 22.2 de la loi 34\/2002 du 11 juillet sur les services de la soci\u00e9t\u00e9 de l&rsquo;information et le commerce \u00e9lectronique, nous vous informons des cookies utilis\u00e9s dans [&hellip;]<\/p>\n","protected":false},"author":1,"featured_media":0,"parent":0,"menu_order":0,"comment_status":"closed","ping_status":"closed","template":"","meta":{"_uag_custom_page_level_css":"","site-sidebar-layout":"default","site-content-layout":"default","ast-site-content-layout":"default","site-content-style":"default","site-sidebar-style":"default","ast-global-header-display":"","ast-banner-title-visibility":"","ast-main-header-display":"","ast-hfb-above-header-display":"","ast-hfb-below-header-display":"","ast-hfb-mobile-header-display":"","site-post-title":"disabled","ast-breadcrumbs-content":"","ast-featured-img":"","footer-sml-layout":"","ast-disable-related-posts":"","theme-transparent-header-meta":"default","adv-header-id-meta":"","stick-header-meta":"default","header-above-stick-meta":"","header-main-stick-meta":"","header-below-stick-meta":"","astra-migrate-meta-layouts":"default","ast-page-background-enabled":"default","ast-page-background-meta":{"desktop":{"background-color":"","background-image":"","background-repeat":"repeat","background-position":"center center","background-size":"auto","background-attachment":"scroll","background-type":"","background-media":"","overlay-type":"","overlay-color":"","overlay-opacity":"","overlay-gradient":""},"tablet":{"background-color":"","background-image":"","background-repeat":"repeat","background-position":"center center","background-size":"auto","background-attachment":"scroll","background-type":"","background-media":"","overlay-type":"","overlay-color":"","overlay-opacity":"","overlay-gradient":""},"mobile":{"background-color":"","background-image":"","background-repeat":"repeat","background-position":"center center","background-size":"auto","background-attachment":"scroll","background-type":"","background-media":"","overlay-type":"","overlay-color":"","overlay-opacity":"","overlay-gradient":""}},"ast-content-background-meta":{"desktop":{"background-color":"var(--ast-global-color-5)","background-image":"","background-repeat":"repeat","background-position":"center center","background-size":"auto","background-attachment":"scroll","background-type":"","background-media":"","overlay-type":"","overlay-color":"","overlay-opacity":"","overlay-gradient":""},"tablet":{"background-color":"var(--ast-global-color-5)","background-image":"","background-repeat":"repeat","background-position":"center center","background-size":"auto","background-attachment":"scroll","background-type":"","background-media":"","overlay-type":"","overlay-color":"","overlay-opacity":"","overlay-gradient":""},"mobile":{"background-color":"var(--ast-global-color-5)","background-image":"","background-repeat":"repeat","background-position":"center center","background-size":"auto","background-attachment":"scroll","background-type":"","background-media":"","overlay-type":"","overlay-color":"","overlay-opacity":"","overlay-gradient":""}},"footnotes":""},"class_list":["post-889","page","type-page","status-publish","hentry"],"yoast_head":"<!-- This site is optimized with the Yoast SEO plugin v26.8 - https:\/\/yoast.com\/product\/yoast-seo-wordpress\/ -->\n<title>Politique de Cookies - Cal Mag\u00ed de Vilanova<\/title>\n<meta name=\"robots\" content=\"noindex, follow\" \/>\n<meta property=\"og:locale\" content=\"fr_FR\" \/>\n<meta property=\"og:type\" content=\"article\" \/>\n<meta property=\"og:title\" content=\"Politique de Cookies - Cal Mag\u00ed de Vilanova\" \/>\n<meta property=\"og:description\" content=\"Politique de Cookies 1. ANT\u00c9C\u00c9DENTS Conform\u00e9ment \u00e0 la r\u00e9glementation espagnole r\u00e9gissant l&rsquo;utilisation des cookies dans le cadre de la fourniture de services de communications \u00e9lectroniques, incluse dans l&rsquo;article 22.2 de la loi 34\/2002 du 11 juillet sur les services de la soci\u00e9t\u00e9 de l&rsquo;information et le commerce \u00e9lectronique, nous vous informons des cookies utilis\u00e9s dans [&hellip;]\" \/>\n<meta property=\"og:url\" content=\"https:\/\/www.calmagidevilanova.cat\/fr\/politique-de-cookies\/\" \/>\n<meta property=\"og:site_name\" content=\"Cal Mag\u00ed de Vilanova\" \/>\n<meta property=\"article:modified_time\" content=\"2021-05-29T15:17:53+00:00\" \/>\n<meta name=\"twitter:card\" content=\"summary_large_image\" \/>\n<meta name=\"twitter:label1\" content=\"Dur\u00e9e de lecture estim\u00e9e\" \/>\n\t<meta name=\"twitter:data1\" content=\"5 minutes\" \/>\n<script type=\"application\/ld+json\" class=\"yoast-schema-graph\">{\"@context\":\"https:\/\/schema.org\",\"@graph\":[{\"@type\":\"WebPage\",\"@id\":\"https:\/\/www.calmagidevilanova.cat\/fr\/politique-de-cookies\/\",\"url\":\"https:\/\/www.calmagidevilanova.cat\/fr\/politique-de-cookies\/\",\"name\":\"Politique de Cookies - Cal Mag\u00ed de Vilanova\",\"isPartOf\":{\"@id\":\"https:\/\/www.calmagidevilanova.cat\/fr\/#website\"},\"datePublished\":\"2021-05-13T07:39:33+00:00\",\"dateModified\":\"2021-05-29T15:17:53+00:00\",\"breadcrumb\":{\"@id\":\"https:\/\/www.calmagidevilanova.cat\/fr\/politique-de-cookies\/#breadcrumb\"},\"inLanguage\":\"fr-FR\",\"potentialAction\":[{\"@type\":\"ReadAction\",\"target\":[\"https:\/\/www.calmagidevilanova.cat\/fr\/politique-de-cookies\/\"]}]},{\"@type\":\"BreadcrumbList\",\"@id\":\"https:\/\/www.calmagidevilanova.cat\/fr\/politique-de-cookies\/#breadcrumb\",\"itemListElement\":[{\"@type\":\"ListItem\",\"position\":1,\"name\":\"Portada\",\"item\":\"https:\/\/www.calmagidevilanova.cat\/fr\/\"},{\"@type\":\"ListItem\",\"position\":2,\"name\":\"Politique de Cookies\"}]},{\"@type\":\"WebSite\",\"@id\":\"https:\/\/www.calmagidevilanova.cat\/fr\/#website\",\"url\":\"https:\/\/www.calmagidevilanova.cat\/fr\/\",\"name\":\"Cal Mag\u00ed de Vilanova\",\"description\":\"\",\"publisher\":{\"@id\":\"https:\/\/www.calmagidevilanova.cat\/fr\/#organization\"},\"potentialAction\":[{\"@type\":\"SearchAction\",\"target\":{\"@type\":\"EntryPoint\",\"urlTemplate\":\"https:\/\/www.calmagidevilanova.cat\/fr\/?s={search_term_string}\"},\"query-input\":{\"@type\":\"PropertyValueSpecification\",\"valueRequired\":true,\"valueName\":\"search_term_string\"}}],\"inLanguage\":\"fr-FR\"},{\"@type\":\"Organization\",\"@id\":\"https:\/\/www.calmagidevilanova.cat\/fr\/#organization\",\"name\":\"Cal Mag\u00ed de Vilanova\",\"url\":\"https:\/\/www.calmagidevilanova.cat\/fr\/\",\"logo\":{\"@type\":\"ImageObject\",\"inLanguage\":\"fr-FR\",\"@id\":\"https:\/\/www.calmagidevilanova.cat\/fr\/#\/schema\/logo\/image\/\",\"url\":\"https:\/\/www.calmagidevilanova.cat\/fr\/wp-content\/uploads\/sites\/3\/2021\/03\/cal-magi-1.png\",\"contentUrl\":\"https:\/\/www.calmagidevilanova.cat\/fr\/wp-content\/uploads\/sites\/3\/2021\/03\/cal-magi-1.png\",\"width\":901,\"height\":334,\"caption\":\"Cal Mag\u00ed de Vilanova\"},\"image\":{\"@id\":\"https:\/\/www.calmagidevilanova.cat\/fr\/#\/schema\/logo\/image\/\"}}]}<\/script>\n<!-- \/ Yoast SEO plugin. -->","yoast_head_json":{"title":"Politique de Cookies - Cal Mag\u00ed de Vilanova","robots":{"index":"noindex","follow":"follow"},"og_locale":"fr_FR","og_type":"article","og_title":"Politique de Cookies - Cal Mag\u00ed de Vilanova","og_description":"Politique de Cookies 1. ANT\u00c9C\u00c9DENTS Conform\u00e9ment \u00e0 la r\u00e9glementation espagnole r\u00e9gissant l&rsquo;utilisation des cookies dans le cadre de la fourniture de services de communications \u00e9lectroniques, incluse dans l&rsquo;article 22.2 de la loi 34\/2002 du 11 juillet sur les services de la soci\u00e9t\u00e9 de l&rsquo;information et le commerce \u00e9lectronique, nous vous informons des cookies utilis\u00e9s dans [&hellip;]","og_url":"https:\/\/www.calmagidevilanova.cat\/fr\/politique-de-cookies\/","og_site_name":"Cal Mag\u00ed de Vilanova","article_modified_time":"2021-05-29T15:17:53+00:00","twitter_card":"summary_large_image","twitter_misc":{"Dur\u00e9e de lecture estim\u00e9e":"5 minutes"},"schema":{"@context":"https:\/\/schema.org","@graph":[{"@type":"WebPage","@id":"https:\/\/www.calmagidevilanova.cat\/fr\/politique-de-cookies\/","url":"https:\/\/www.calmagidevilanova.cat\/fr\/politique-de-cookies\/","name":"Politique de Cookies - Cal Mag\u00ed de Vilanova","isPartOf":{"@id":"https:\/\/www.calmagidevilanova.cat\/fr\/#website"},"datePublished":"2021-05-13T07:39:33+00:00","dateModified":"2021-05-29T15:17:53+00:00","breadcrumb":{"@id":"https:\/\/www.calmagidevilanova.cat\/fr\/politique-de-cookies\/#breadcrumb"},"inLanguage":"fr-FR","potentialAction":[{"@type":"ReadAction","target":["https:\/\/www.calmagidevilanova.cat\/fr\/politique-de-cookies\/"]}]},{"@type":"BreadcrumbList","@id":"https:\/\/www.calmagidevilanova.cat\/fr\/politique-de-cookies\/#breadcrumb","itemListElement":[{"@type":"ListItem","position":1,"name":"Portada","item":"https:\/\/www.calmagidevilanova.cat\/fr\/"},{"@type":"ListItem","position":2,"name":"Politique de Cookies"}]},{"@type":"WebSite","@id":"https:\/\/www.calmagidevilanova.cat\/fr\/#website","url":"https:\/\/www.calmagidevilanova.cat\/fr\/","name":"Cal Mag\u00ed de Vilanova","description":"","publisher":{"@id":"https:\/\/www.calmagidevilanova.cat\/fr\/#organization"},"potentialAction":[{"@type":"SearchAction","target":{"@type":"EntryPoint","urlTemplate":"https:\/\/www.calmagidevilanova.cat\/fr\/?s={search_term_string}"},"query-input":{"@type":"PropertyValueSpecification","valueRequired":true,"valueName":"search_term_string"}}],"inLanguage":"fr-FR"},{"@type":"Organization","@id":"https:\/\/www.calmagidevilanova.cat\/fr\/#organization","name":"Cal Mag\u00ed de Vilanova","url":"https:\/\/www.calmagidevilanova.cat\/fr\/","logo":{"@type":"ImageObject","inLanguage":"fr-FR","@id":"https:\/\/www.calmagidevilanova.cat\/fr\/#\/schema\/logo\/image\/","url":"https:\/\/www.calmagidevilanova.cat\/fr\/wp-content\/uploads\/sites\/3\/2021\/03\/cal-magi-1.png","contentUrl":"https:\/\/www.calmagidevilanova.cat\/fr\/wp-content\/uploads\/sites\/3\/2021\/03\/cal-magi-1.png","width":901,"height":334,"caption":"Cal Mag\u00ed de Vilanova"},"image":{"@id":"https:\/\/www.calmagidevilanova.cat\/fr\/#\/schema\/logo\/image\/"}}]}},"uagb_featured_image_src":{"full":false,"thumbnail":false,"medium":false,"medium_large":false,"large":false,"1536x1536":false,"2048x2048":false,"gs-tiny":false,"xl":false,"xxl":false,"xxxl":false,"xxxxl":false,"xxxxxl":false,"gform-image-choice-sm":false,"gform-image-choice-md":false,"gform-image-choice-lg":false},"uagb_author_info":{"display_name":"Albert","author_link":"https:\/\/www.calmagidevilanova.cat\/fr\/author\/albert\/"},"uagb_comment_info":0,"uagb_excerpt":"Politique de Cookies 1. ANT\u00c9C\u00c9DENTS Conform\u00e9ment \u00e0 la r\u00e9glementation espagnole r\u00e9gissant l&rsquo;utilisation des cookies dans le cadre de la fourniture de services de communications \u00e9lectroniques, incluse dans l&rsquo;article 22.2 de la loi 34\/2002 du 11 juillet sur les services de la soci\u00e9t\u00e9 de l&rsquo;information et le commerce \u00e9lectronique, nous vous informons des cookies utilis\u00e9s dans\u2026","_links":{"self":[{"href":"https:\/\/www.calmagidevilanova.cat\/fr\/wp-json\/wp\/v2\/pages\/889","targetHints":{"allow":["GET"]}}],"collection":[{"href":"https:\/\/www.calmagidevilanova.cat\/fr\/wp-json\/wp\/v2\/pages"}],"about":[{"href":"https:\/\/www.calmagidevilanova.cat\/fr\/wp-json\/wp\/v2\/types\/page"}],"author":[{"embeddable":true,"href":"https:\/\/www.calmagidevilanova.cat\/fr\/wp-json\/wp\/v2\/users\/1"}],"replies":[{"embeddable":true,"href":"https:\/\/www.calmagidevilanova.cat\/fr\/wp-json\/wp\/v2\/comments?post=889"}],"version-history":[{"count":3,"href":"https:\/\/www.calmagidevilanova.cat\/fr\/wp-json\/wp\/v2\/pages\/889\/revisions"}],"predecessor-version":[{"id":911,"href":"https:\/\/www.calmagidevilanova.cat\/fr\/wp-json\/wp\/v2\/pages\/889\/revisions\/911"}],"wp:attachment":[{"href":"https:\/\/www.calmagidevilanova.cat\/fr\/wp-json\/wp\/v2\/media?parent=889"}],"curies":[{"name":"wp","href":"https:\/\/api.w.org\/{rel}","templated":true}]}}