{"id":887,"date":"2021-05-13T09:49:45","date_gmt":"2021-05-13T07:49:45","guid":{"rendered":"https:\/\/www.calmagidevilanova.cat\/fr\/?page_id=887"},"modified":"2021-05-29T17:18:08","modified_gmt":"2021-05-29T15:18:08","slug":"politique-de-confidentialite","status":"publish","type":"page","link":"https:\/\/www.calmagidevilanova.cat\/fr\/politique-de-confidentialite\/","title":{"rendered":"Politique de confidentialit\u00e9"},"content":{"rendered":"\n<div style=\"height:60px\" aria-hidden=\"true\" class=\"wp-block-spacer\"><\/div>\n\n\n\n<h2 class=\"has-text-color wp-block-heading\" style=\"color:#727430\">Politique de Confidentialit\u00e9<\/h2>\n\n\n\n<p><strong>1. D\u00c9TAILS DU RESPONSABLE DU TRAITEMENT<\/strong><\/p>\n\n\n\n<p>Nous vous informons que ce site est la propri\u00e9t\u00e9 de Francesc Xavier Amor\u00f3s Piera, (ci-apr\u00e8s \u00abPROPRI\u00c9TAIRE\u00bb), avec NIF 40871064H, adresse au C \/ Major 64 \u00e0 Vilanova de Bellpuig &#8211; CP 25264; t\u00e9l\u00e9phone 608556032, e-mail: <a href=\"mailto:info@calmagidevilanova.cat\">info@calmagidevilanova.cat<\/a><\/p>\n\n\n\n<p><strong>2. R\u00c8GLEMENTS APPLICABLES<\/strong><\/p>\n\n\n\n<p>La politique de confidentialit\u00e9 a \u00e9t\u00e9 con\u00e7ue conform\u00e9ment au r\u00e8glement g\u00e9n\u00e9ral de l&rsquo;UE sur la protection des donn\u00e9es 2016\/679 et \u00e0 la loi organique 3\/2018 du 5 d\u00e9cembre sur la protection des donn\u00e9es personnelles et la garantie des droits num\u00e9riques.<\/p>\n\n\n\n<p>En fournissant vos donn\u00e9es, vous d\u00e9clarez avoir lu et pris connaissance de cette politique de confidentialit\u00e9, en donnant votre consentement sans \u00e9quivoque et expr\u00e8s au traitement de vos donn\u00e9es personnelles conform\u00e9ment aux finalit\u00e9s et aux conditions exprim\u00e9es dans les pr\u00e9sentes.<\/p>\n\n\n\n<p>Le PROPRI\u00c9TAIRE peut modifier cette politique de confidentialit\u00e9 pour l&rsquo;adapter \u00e0 la nouvelle l\u00e9gislation, \u00e0 la jurisprudence ou \u00e0 l&rsquo;interpr\u00e9tation de l&rsquo;Agence espagnole de protection des donn\u00e9es. Ces conditions de confidentialit\u00e9 peuvent \u00eatre compl\u00e9t\u00e9es par les mentions l\u00e9gales, la politique de cookies et les conditions g\u00e9n\u00e9rales qui, le cas \u00e9ch\u00e9ant, sont incluses pour certains services, si cet acc\u00e8s implique une sp\u00e9cialit\u00e9 dans le domaine de la protection des donn\u00e9es personnelles.<\/p>\n\n\n\n<p><strong>3. OBJET DU TRAITEMENT DES DONN\u00c9ES PERSONNELLES<\/strong><\/p>\n\n\n\n<p>Ce sont les informations qui nous sont fournies pour offrir, fournir et facturer nos services.<br>Si vous donnez votre consentement, vos donn\u00e9es peuvent \u00e9galement \u00eatre trait\u00e9es pour vous envoyer des informations sur nos activit\u00e9s, services et produits.<\/p>\n\n\n\n<p><strong>4. CONDITIONS DE CONSERVATION DE VOS DONN\u00c9ES<\/strong><\/p>\n\n\n\n<p>Nous conserverons vos donn\u00e9es personnelles \u00e0 partir du moment o\u00f9 vous nous donnez votre consentement jusqu&rsquo;\u00e0 ce que vous les r\u00e9voquiez ou demandiez la limitation du traitement. Dans ces cas, nous conserverons vos donn\u00e9es verrouill\u00e9es pendant les p\u00e9riodes l\u00e9galement requises.<\/p>\n\n\n\n<p><strong>5. L\u00c9GITIMATION ET DONN\u00c9ES COLLECT\u00c9ES<\/strong><\/p>\n\n\n\n<p>La l\u00e9gitimit\u00e9 du traitement de vos donn\u00e9es est le consentement expr\u00e8s donn\u00e9 par un acte positif et affirmatif (remplissez le formulaire correspondant et cochez la case pour accepter cette politique) au moment de la fourniture de vos donn\u00e9es personnelles.<\/p>\n\n\n\n<p>a. <span style=\"text-decoration: underline;\">Consentement au traitement de vos donn\u00e9es<\/span><\/p>\n\n\n\n<p>En remplissant les formulaires, en cochant la case \u00abJ&rsquo;accepte la politique de confidentialit\u00e9\u00bb et en cliquant pour envoyer les donn\u00e9es, l&rsquo;Utilisateur d\u00e9clare avoir lu et express\u00e9ment accept\u00e9 cette politique de confidentialit\u00e9, et donne son consentement sans \u00e9quivoque et expr\u00e8s au traitement de votre donn\u00e9es conform\u00e9ment aux finalit\u00e9s indiqu\u00e9es.<\/p>\n\n\n\n<p>b. <span style=\"text-decoration: underline;\">Cat\u00e9gories de donn\u00e9es<\/span><\/p>\n\n\n\n<p>Les donn\u00e9es personnelles que nous traitons proviennent de la partie int\u00e9ress\u00e9e, qui garantit la v\u00e9racit\u00e9 des donn\u00e9es personnelles fournies et est responsable de la communication de tout changement. Les donn\u00e9es marqu\u00e9es d&rsquo;un ast\u00e9risque sont n\u00e9cessaires pour fournir le service demand\u00e9.<br>Les cat\u00e9gories de donn\u00e9es que nous pouvons traiter sont \u00e0 caract\u00e8re identifiant, adresses postales ou \u00e9lectroniques ou autres donn\u00e9es demand\u00e9es dans nos formulaires.<br>Les donn\u00e9es sont limit\u00e9es, car nous ne traitons que les donn\u00e9es n\u00e9cessaires \u00e0 la fourniture de nos services et \u00e0 la gestion de notre activit\u00e9.<\/p>\n\n\n\n<p><strong>6. MESURES DE S\u00c9CURIT\u00c9<\/strong><\/p>\n\n\n\n<p>Dans le cadre de notre engagement \u00e0 assurer la s\u00e9curit\u00e9 et la confidentialit\u00e9 de vos donn\u00e9es personnelles, nous vous informons que les mesures techniques et organisationnelles n\u00e9cessaires ont \u00e9t\u00e9 prises pour assurer la s\u00e9curit\u00e9 de vos donn\u00e9es personnelles et emp\u00eacher leur alt\u00e9ration, perte, traitement ou acc\u00e8s non autoris\u00e9, compte tenu de la l&rsquo;\u00e9tat de la technologie, la nature des donn\u00e9es stock\u00e9es et les risques auxquels elles sont expos\u00e9es, conform\u00e9ment \u00e0 l&rsquo;art. 32 du RGPD UE 679\/2016.<\/p>\n\n\n\n<p><strong>7. TRANSFERT DE DONN\u00c9ES<\/strong><\/p>\n\n\n\n<p>Aucun transfert de donn\u00e9es ou transfert international de vos donn\u00e9es n&rsquo;est pr\u00e9vu, \u00e0 l&rsquo;exception de ceux autoris\u00e9s par la l\u00e9gislation fiscale, commerciale et des t\u00e9l\u00e9communications, ainsi que dans les cas o\u00f9 une autorit\u00e9 judiciaire l&rsquo;exige.<\/p>\n\n\n\n<p><strong>8. DROITS DES UTILISATEURS<\/strong><\/p>\n\n\n\n<p>Toute personne int\u00e9ress\u00e9e a le droit d&rsquo;obtenir la confirmation que nous traitons ou non des donn\u00e9es personnelles les concernant. Les parties int\u00e9ress\u00e9es ont le droit d&rsquo;acc\u00e9der \u00e0 leurs donn\u00e9es personnelles, ainsi que de demander la rectification de donn\u00e9es inexactes ou, le cas \u00e9ch\u00e9ant, de demander leur suppression lorsque, entre autres raisons, les donn\u00e9es ne sont plus n\u00e9cessaires aux fins pour lesquelles elles \u00e9taient collect\u00e9es. Dans certaines circonstances, les parties int\u00e9ress\u00e9es peuvent demander la limitation du traitement de leurs donn\u00e9es, auquel cas nous ne les conserverons que pour l&rsquo;exercice ou la d\u00e9fense de r\u00e9clamations. De m\u00eame, dans certaines circonstances et pour des raisons li\u00e9es \u00e0 leur situation particuli\u00e8re, les parties int\u00e9ress\u00e9es peuvent s&rsquo;opposer au traitement de leurs donn\u00e9es. Dans ce cas, nous cesserons de traiter avec eux, sauf pour des raisons l\u00e9gitimes imp\u00e9rieuses ou pour l&rsquo;exercice ou la d\u00e9fense d&rsquo;\u00e9ventuelles r\u00e9clamations.<\/p>\n\n\n\n<p>Conform\u00e9ment \u00e0 la l\u00e9gislation en vigueur, vous disposez des droits suivants: le droit de demander l&rsquo;acc\u00e8s \u00e0 vos donn\u00e9es personnelles, le droit de demander leur rectification ou leur suppression, le droit de demander la limitation de votre traitement, le droit de vous opposer au traitement, le droit de la portabilit\u00e9 des donn\u00e9es et \u00e9galement de r\u00e9voquer le consentement donn\u00e9.<\/p>\n\n\n\n<p>8.1 <span style=\"text-decoration: underline;\">Comment exercer mes droits?<\/span><\/p>\n\n\n\n<p>Pour exercer vos droits, vous devez contacter le TITULAIRE en lui demandant le formulaire correspondant pour l&rsquo;exercice du droit choisi. En option, vous pouvez vous adresser \u00e0 l&rsquo;autorit\u00e9 de contr\u00f4le comp\u00e9tente pour obtenir des informations suppl\u00e9mentaires sur vos droits.<\/p>\n\n\n\n<p><strong>9. CONSENTEMENT \u00c0 L&rsquo;ENVOI DE COMMUNICATIONS \u00c9LECTRONIQUES<\/strong><\/p>\n\n\n\n<p>De plus, et conform\u00e9ment aux dispositions de la loi 34\/2002 du 11 juillet sur les services de la soci\u00e9t\u00e9 de l&rsquo;information et le commerce \u00e9lectronique, remplir le formulaire de collecte de donn\u00e9es et cocher la case correspondante \u00abJ&rsquo;accepte l&rsquo;envoi de communications \u00e9lectroniques\u00bb, c&rsquo;est donner un consentement expr\u00e8s d&rsquo;envoyer \u00e0 votre adresse e-mail, t\u00e9l\u00e9phone, fax ou autre moyen \u00e9lectronique, des informations sur la maison.<\/p>\n\n\n\n<div style=\"height:60px\" aria-hidden=\"true\" class=\"wp-block-spacer\"><\/div>\n","protected":false},"excerpt":{"rendered":"<p>Politique de Privacitat 1. DONN\u00c9ES DU RESPONSABLE DU TRAITEMENT L\u00e8me&#8217;rapportons que ce web est titularisation de Francesc Xavier Amor\u00f3s Piera, (dor\u00e9navant \u201cTITULAIRE\u201d), avec NIF 40871064H, domicile \u00e0 C\u00e8me\/ Major 64 de Vilanova de Bellpuig- CP 25264 ; t\u00e9l\u00e9phone 608556032, courriel: #info@calmagidevilanova.cat 2. R\u00c8GLEMENT APPLICABLE La Politique de Privacitat s&rsquo;est dessin\u00e9 d&rsquo;accord avec le [&hellip;]<\/p>\n","protected":false},"author":1,"featured_media":0,"parent":0,"menu_order":0,"comment_status":"closed","ping_status":"open","template":"","meta":{"_uag_custom_page_level_css":"","site-sidebar-layout":"default","site-content-layout":"default","ast-site-content-layout":"default","site-content-style":"default","site-sidebar-style":"default","ast-global-header-display":"","ast-banner-title-visibility":"","ast-main-header-display":"","ast-hfb-above-header-display":"","ast-hfb-below-header-display":"","ast-hfb-mobile-header-display":"","site-post-title":"disabled","ast-breadcrumbs-content":"","ast-featured-img":"","footer-sml-layout":"","ast-disable-related-posts":"","theme-transparent-header-meta":"default","adv-header-id-meta":"","stick-header-meta":"default","header-above-stick-meta":"","header-main-stick-meta":"","header-below-stick-meta":"","astra-migrate-meta-layouts":"default","ast-page-background-enabled":"default","ast-page-background-meta":{"desktop":{"background-color":"","background-image":"","background-repeat":"repeat","background-position":"center center","background-size":"auto","background-attachment":"scroll","background-type":"","background-media":"","overlay-type":"","overlay-color":"","overlay-opacity":"","overlay-gradient":""},"tablet":{"background-color":"","background-image":"","background-repeat":"repeat","background-position":"center center","background-size":"auto","background-attachment":"scroll","background-type":"","background-media":"","overlay-type":"","overlay-color":"","overlay-opacity":"","overlay-gradient":""},"mobile":{"background-color":"","background-image":"","background-repeat":"repeat","background-position":"center center","background-size":"auto","background-attachment":"scroll","background-type":"","background-media":"","overlay-type":"","overlay-color":"","overlay-opacity":"","overlay-gradient":""}},"ast-content-background-meta":{"desktop":{"background-color":"var(--ast-global-color-5)","background-image":"","background-repeat":"repeat","background-position":"center center","background-size":"auto","background-attachment":"scroll","background-type":"","background-media":"","overlay-type":"","overlay-color":"","overlay-opacity":"","overlay-gradient":""},"tablet":{"background-color":"var(--ast-global-color-5)","background-image":"","background-repeat":"repeat","background-position":"center center","background-size":"auto","background-attachment":"scroll","background-type":"","background-media":"","overlay-type":"","overlay-color":"","overlay-opacity":"","overlay-gradient":""},"mobile":{"background-color":"var(--ast-global-color-5)","background-image":"","background-repeat":"repeat","background-position":"center center","background-size":"auto","background-attachment":"scroll","background-type":"","background-media":"","overlay-type":"","overlay-color":"","overlay-opacity":"","overlay-gradient":""}},"footnotes":""},"class_list":["post-887","page","type-page","status-publish","hentry"],"yoast_head":"<!-- This site is optimized with the Yoast SEO plugin v26.8 - https:\/\/yoast.com\/product\/yoast-seo-wordpress\/ -->\n<title>Politique de confidentialit\u00e9 - Cal Mag\u00ed de Vilanova<\/title>\n<meta name=\"robots\" content=\"noindex, follow\" \/>\n<meta property=\"og:locale\" content=\"fr_FR\" \/>\n<meta property=\"og:type\" content=\"article\" \/>\n<meta property=\"og:title\" content=\"Politique de confidentialit\u00e9 - Cal Mag\u00ed de Vilanova\" \/>\n<meta property=\"og:description\" content=\"Politique de Privacitat 1. DONN\u00c9ES DU RESPONSABLE DU TRAITEMENT L\u00e8me&#8217;rapportons que ce web est titularisation de Francesc Xavier Amor\u00f3s Piera, (dor\u00e9navant \u201cTITULAIRE\u201d), avec NIF 40871064H, domicile \u00e0 C\u00e8me\/ Major 64 de Vilanova de Bellpuig- CP 25264 ; t\u00e9l\u00e9phone 608556032, courriel: #info@calmagidevilanova.cat 2. R\u00c8GLEMENT APPLICABLE La Politique de Privacitat s&#039;est dessin\u00e9 d&#039;accord avec le [&hellip;]\" \/>\n<meta property=\"og:url\" content=\"https:\/\/www.calmagidevilanova.cat\/fr\/politique-de-confidentialite\/\" \/>\n<meta property=\"og:site_name\" content=\"Cal Mag\u00ed de Vilanova\" \/>\n<meta property=\"article:modified_time\" content=\"2021-05-29T15:18:08+00:00\" \/>\n<meta name=\"twitter:card\" content=\"summary_large_image\" \/>\n<meta name=\"twitter:label1\" content=\"Dur\u00e9e de lecture estim\u00e9e\" \/>\n\t<meta name=\"twitter:data1\" content=\"5 minutes\" \/>\n<script type=\"application\/ld+json\" class=\"yoast-schema-graph\">{\"@context\":\"https:\/\/schema.org\",\"@graph\":[{\"@type\":\"WebPage\",\"@id\":\"https:\/\/www.calmagidevilanova.cat\/fr\/politique-de-confidentialite\/\",\"url\":\"https:\/\/www.calmagidevilanova.cat\/fr\/politique-de-confidentialite\/\",\"name\":\"Politique de confidentialit\u00e9 - Cal Mag\u00ed de Vilanova\",\"isPartOf\":{\"@id\":\"https:\/\/www.calmagidevilanova.cat\/fr\/#website\"},\"datePublished\":\"2021-05-13T07:49:45+00:00\",\"dateModified\":\"2021-05-29T15:18:08+00:00\",\"breadcrumb\":{\"@id\":\"https:\/\/www.calmagidevilanova.cat\/fr\/politique-de-confidentialite\/#breadcrumb\"},\"inLanguage\":\"fr-FR\",\"potentialAction\":[{\"@type\":\"ReadAction\",\"target\":[\"https:\/\/www.calmagidevilanova.cat\/fr\/politique-de-confidentialite\/\"]}]},{\"@type\":\"BreadcrumbList\",\"@id\":\"https:\/\/www.calmagidevilanova.cat\/fr\/politique-de-confidentialite\/#breadcrumb\",\"itemListElement\":[{\"@type\":\"ListItem\",\"position\":1,\"name\":\"Portada\",\"item\":\"https:\/\/www.calmagidevilanova.cat\/fr\/\"},{\"@type\":\"ListItem\",\"position\":2,\"name\":\"Politique de confidentialit\u00e9\"}]},{\"@type\":\"WebSite\",\"@id\":\"https:\/\/www.calmagidevilanova.cat\/fr\/#website\",\"url\":\"https:\/\/www.calmagidevilanova.cat\/fr\/\",\"name\":\"Cal Mag\u00ed de Vilanova\",\"description\":\"\",\"publisher\":{\"@id\":\"https:\/\/www.calmagidevilanova.cat\/fr\/#organization\"},\"potentialAction\":[{\"@type\":\"SearchAction\",\"target\":{\"@type\":\"EntryPoint\",\"urlTemplate\":\"https:\/\/www.calmagidevilanova.cat\/fr\/?s={search_term_string}\"},\"query-input\":{\"@type\":\"PropertyValueSpecification\",\"valueRequired\":true,\"valueName\":\"search_term_string\"}}],\"inLanguage\":\"fr-FR\"},{\"@type\":\"Organization\",\"@id\":\"https:\/\/www.calmagidevilanova.cat\/fr\/#organization\",\"name\":\"Cal Mag\u00ed de Vilanova\",\"url\":\"https:\/\/www.calmagidevilanova.cat\/fr\/\",\"logo\":{\"@type\":\"ImageObject\",\"inLanguage\":\"fr-FR\",\"@id\":\"https:\/\/www.calmagidevilanova.cat\/fr\/#\/schema\/logo\/image\/\",\"url\":\"https:\/\/www.calmagidevilanova.cat\/fr\/wp-content\/uploads\/sites\/3\/2021\/03\/cal-magi-1.png\",\"contentUrl\":\"https:\/\/www.calmagidevilanova.cat\/fr\/wp-content\/uploads\/sites\/3\/2021\/03\/cal-magi-1.png\",\"width\":901,\"height\":334,\"caption\":\"Cal Mag\u00ed de Vilanova\"},\"image\":{\"@id\":\"https:\/\/www.calmagidevilanova.cat\/fr\/#\/schema\/logo\/image\/\"}}]}<\/script>\n<!-- \/ Yoast SEO plugin. -->","yoast_head_json":{"title":"Politique de confidentialit\u00e9 - Cal Mag\u00ed de Vilanova","robots":{"index":"noindex","follow":"follow"},"og_locale":"fr_FR","og_type":"article","og_title":"Politique de confidentialit\u00e9 - Cal Mag\u00ed de Vilanova","og_description":"Politique de Privacitat 1. DONN\u00c9ES DU RESPONSABLE DU TRAITEMENT L\u00e8me&#8217;rapportons que ce web est titularisation de Francesc Xavier Amor\u00f3s Piera, (dor\u00e9navant \u201cTITULAIRE\u201d), avec NIF 40871064H, domicile \u00e0 C\u00e8me\/ Major 64 de Vilanova de Bellpuig- CP 25264 ; t\u00e9l\u00e9phone 608556032, courriel: #info@calmagidevilanova.cat 2. R\u00c8GLEMENT APPLICABLE La Politique de Privacitat s'est dessin\u00e9 d'accord avec le [&hellip;]","og_url":"https:\/\/www.calmagidevilanova.cat\/fr\/politique-de-confidentialite\/","og_site_name":"Cal Mag\u00ed de Vilanova","article_modified_time":"2021-05-29T15:18:08+00:00","twitter_card":"summary_large_image","twitter_misc":{"Dur\u00e9e de lecture estim\u00e9e":"5 minutes"},"schema":{"@context":"https:\/\/schema.org","@graph":[{"@type":"WebPage","@id":"https:\/\/www.calmagidevilanova.cat\/fr\/politique-de-confidentialite\/","url":"https:\/\/www.calmagidevilanova.cat\/fr\/politique-de-confidentialite\/","name":"Politique de confidentialit\u00e9 - Cal Mag\u00ed de Vilanova","isPartOf":{"@id":"https:\/\/www.calmagidevilanova.cat\/fr\/#website"},"datePublished":"2021-05-13T07:49:45+00:00","dateModified":"2021-05-29T15:18:08+00:00","breadcrumb":{"@id":"https:\/\/www.calmagidevilanova.cat\/fr\/politique-de-confidentialite\/#breadcrumb"},"inLanguage":"fr-FR","potentialAction":[{"@type":"ReadAction","target":["https:\/\/www.calmagidevilanova.cat\/fr\/politique-de-confidentialite\/"]}]},{"@type":"BreadcrumbList","@id":"https:\/\/www.calmagidevilanova.cat\/fr\/politique-de-confidentialite\/#breadcrumb","itemListElement":[{"@type":"ListItem","position":1,"name":"Portada","item":"https:\/\/www.calmagidevilanova.cat\/fr\/"},{"@type":"ListItem","position":2,"name":"Politique de confidentialit\u00e9"}]},{"@type":"WebSite","@id":"https:\/\/www.calmagidevilanova.cat\/fr\/#website","url":"https:\/\/www.calmagidevilanova.cat\/fr\/","name":"Cal Mag\u00ed de Vilanova","description":"","publisher":{"@id":"https:\/\/www.calmagidevilanova.cat\/fr\/#organization"},"potentialAction":[{"@type":"SearchAction","target":{"@type":"EntryPoint","urlTemplate":"https:\/\/www.calmagidevilanova.cat\/fr\/?s={search_term_string}"},"query-input":{"@type":"PropertyValueSpecification","valueRequired":true,"valueName":"search_term_string"}}],"inLanguage":"fr-FR"},{"@type":"Organization","@id":"https:\/\/www.calmagidevilanova.cat\/fr\/#organization","name":"Cal Mag\u00ed de Vilanova","url":"https:\/\/www.calmagidevilanova.cat\/fr\/","logo":{"@type":"ImageObject","inLanguage":"fr-FR","@id":"https:\/\/www.calmagidevilanova.cat\/fr\/#\/schema\/logo\/image\/","url":"https:\/\/www.calmagidevilanova.cat\/fr\/wp-content\/uploads\/sites\/3\/2021\/03\/cal-magi-1.png","contentUrl":"https:\/\/www.calmagidevilanova.cat\/fr\/wp-content\/uploads\/sites\/3\/2021\/03\/cal-magi-1.png","width":901,"height":334,"caption":"Cal Mag\u00ed de Vilanova"},"image":{"@id":"https:\/\/www.calmagidevilanova.cat\/fr\/#\/schema\/logo\/image\/"}}]}},"uagb_featured_image_src":{"full":false,"thumbnail":false,"medium":false,"medium_large":false,"large":false,"1536x1536":false,"2048x2048":false,"gs-tiny":false,"xl":false,"xxl":false,"xxxl":false,"xxxxl":false,"xxxxxl":false,"gform-image-choice-sm":false,"gform-image-choice-md":false,"gform-image-choice-lg":false},"uagb_author_info":{"display_name":"Albert","author_link":"https:\/\/www.calmagidevilanova.cat\/fr\/author\/albert\/"},"uagb_comment_info":0,"uagb_excerpt":"Politique de Privacitat 1. DONN\u00c9ES DU RESPONSABLE DU TRAITEMENT L\u00e8me&#8217;rapportons que ce web est titularisation de Francesc Xavier Amor\u00f3s Piera, (dor\u00e9navant \u201cTITULAIRE\u201d), avec NIF 40871064H, domicile \u00e0 C\u00e8me\/ Major 64 de Vilanova de Bellpuig- CP 25264 ; t\u00e9l\u00e9phone 608556032, courriel: #info@calmagidevilanova.cat 2. R\u00c8GLEMENT APPLICABLE La Politique de Privacitat s'est dessin\u00e9 d'accord avec le [&hellip;]","_links":{"self":[{"href":"https:\/\/www.calmagidevilanova.cat\/fr\/wp-json\/wp\/v2\/pages\/887","targetHints":{"allow":["GET"]}}],"collection":[{"href":"https:\/\/www.calmagidevilanova.cat\/fr\/wp-json\/wp\/v2\/pages"}],"about":[{"href":"https:\/\/www.calmagidevilanova.cat\/fr\/wp-json\/wp\/v2\/types\/page"}],"author":[{"embeddable":true,"href":"https:\/\/www.calmagidevilanova.cat\/fr\/wp-json\/wp\/v2\/users\/1"}],"replies":[{"embeddable":true,"href":"https:\/\/www.calmagidevilanova.cat\/fr\/wp-json\/wp\/v2\/comments?post=887"}],"version-history":[{"count":3,"href":"https:\/\/www.calmagidevilanova.cat\/fr\/wp-json\/wp\/v2\/pages\/887\/revisions"}],"predecessor-version":[{"id":896,"href":"https:\/\/www.calmagidevilanova.cat\/fr\/wp-json\/wp\/v2\/pages\/887\/revisions\/896"}],"wp:attachment":[{"href":"https:\/\/www.calmagidevilanova.cat\/fr\/wp-json\/wp\/v2\/media?parent=887"}],"curies":[{"name":"wp","href":"https:\/\/api.w.org\/{rel}","templated":true}]}}