{"id":876,"date":"2021-05-12T09:20:20","date_gmt":"2021-05-12T07:20:20","guid":{"rendered":"https:\/\/www.calmagidevilanova.cat\/fr\/?page_id=876"},"modified":"2021-05-29T17:18:00","modified_gmt":"2021-05-29T15:18:00","slug":"avertissement-legal","status":"publish","type":"page","link":"https:\/\/www.calmagidevilanova.cat\/fr\/avertissement-legal\/","title":{"rendered":"Avertissement L\u00e9gal"},"content":{"rendered":"\n<div style=\"height:60px\" aria-hidden=\"true\" class=\"wp-block-spacer\"><\/div>\n\n\n\n<h2 class=\"has-text-color wp-block-heading\" style=\"color:#727430\">Avertissement L\u00e9gal<\/h2>\n\n\n\n<p>De conformit\u00e9 avec l&rsquo;article 10 de la Loi 34\/2002, de Services de la Soci\u00e9t\u00e9 de l&rsquo;Information et de Commerce \u00c9lectronique, le rapportons que ce web est titularisation de Francesc Xavier Amor\u00f3s Piera, (dor\u00e9navant \u201cTITULAIRE\u201d), avec NIF 40871064H, domicile \u00e0 C\u00e8me\/ Major 64 de Vilanova de Bellpuig- CP 25264 ; t\u00e9l\u00e9phone 608556032, courriel: <a href=\"mailto:info@calmagidevilanova.cat\">#info@calmagidevilanova.cat<\/a><\/p>\n\n\n\n<p><strong>PROPRI\u00c9T\u00c9 INTELLECTUELLE IRE INDUSTRIELLE<\/strong><\/p>\n\n\n\n<p>Les contenus de cet endroit, y compris les textes, images et designs graphiques, appartiennent au TITULAIRE, ou \u00e0 troisi\u00e8mes qui ont autoris\u00e9 son emploi. LE TITULAIRE pr\u00e9sente ces contenus avec des buts d&rsquo;information et promotion. LE TITULAIRE autorise son utilisation exclusivement avec ces buts. N&rsquo;importe quelle utilisation de ces designs, images ou textes devra citer express\u00e9ment l&rsquo;appartenance au TITULAIRE, qui se r\u00e9serve le droit \u00e0 initier les actions l\u00e9gales opportunes pour r\u00e9parer les dommages et pr\u00e9judices caus\u00e9s par n&rsquo;importe quel acte qui viole ses droits de propri\u00e9t\u00e9 intellectuelle ou industrielle.<\/p>\n\n\n\n<p><strong>EXCLUSION DE RESPONSABILIT\u00c9<\/strong><\/p>\n\n\n\n<p>LE TITULAIRE se r\u00e9serve le droit \u00e0 modifier n&rsquo;importe quel type d&rsquo;information qui puisse appara\u00eetre au site Internet, sans qu&rsquo;il y ait obligation de preavisar ou poser en connaissance des utilisateurs ces obligations, en se comprenant suffisante avec la publication au site Internet . Le TITULAIRE agira avec la maximale diligence possible afin que les donn\u00e9es et l&rsquo;information du site Internet soit mise \u00e0 jour dans tout moment, si bien ne garantit ni se fait responsable de l&rsquo;exactitude et mise \u00e0 jour des contenus du site Internet. LE TITULAIRE non plus sera responsable de l&rsquo;information qui se peut obtenir \u00e0 travers des liens compris dans le site Internet. Le TITULAIRE s&rsquo;exempte de n&rsquo;importe quel type de responsabilit\u00e9 d\u00e9riv\u00e9e de l&rsquo;information publi\u00e9e \u00e0 son site Internet, pourvu que cette information ait \u00e9t\u00e9 manipul\u00e9e ou introduite par un troisi\u00e8me \u00e9tranger \u00e0 celui-ci.<\/p>\n\n\n\n<p>Ind\u00e9pendamment du but pour laquelle soient destin\u00e9s, la reproduction totale ou partielle, emploi, exploitation, distribution et commercialisation, requiert dans tout cas de l&rsquo;autorisation \u00e9crite pr\u00e9alable par le TITULAIRE. N&rsquo;importe quel emploi non autoris\u00e9 pr\u00e9alablement par le DIPL\u00d4M\u00c9 sera consid\u00e9r\u00e9 un manquement grave des droits de propri\u00e9t\u00e9 intellectuelle ou industrielle de l&rsquo;auteur.<\/p>\n\n\n\n<p>Pour r\u00e9aliser n&rsquo;importe quel type d&rsquo;observation par rapport \u00e0 possibles manquements des droits de propri\u00e9t\u00e9 intellectuelle ou industrielle, ainsi que sur n&rsquo;importe quel des contenus du site Internet, peut le faire \u00e0 travers le suivant courriel: <a href=\"mailto:info@calmagidevilanova.cat\">#info@calmagidevilanova.cat<\/a><\/p>\n\n\n\n<p><strong>CONDITIONS D&rsquo;EMPLOI<\/strong><\/p>\n\n\n\n<p>L&#8217;emploi de ce site Internet implique l&rsquo;acceptation pleine des termes du pr\u00e9sent avertissement l\u00e9gal. Pour la r\u00e9solution de toutes les controverses ou questions li\u00e9es avec le pr\u00e9sent site Internet ou des activit\u00e9s dans lui d\u00e9velopp\u00e9es, sera d&rsquo;application la l\u00e9gislation espagnole, \u00e0 laquelle se soumettent express\u00e9ment les parties, ind\u00e9pendamment de la juridiction territoriale depuis laquelle se produise son acc\u00e8s. Toute personne utilisatrice du web, accepte l&rsquo;accomplissement et par rapport \u00e0 ces clauses avec d\u00e9mission express \u00e0 n&rsquo;importe quel autre fuero qui puisse lui correspondre.<\/p>\n\n\n\n<div style=\"height:60px\" aria-hidden=\"true\" class=\"wp-block-spacer\"><\/div>\n","protected":false},"excerpt":{"rendered":"<p>Avertissement L\u00e9gal De conformit\u00e9 avec l&rsquo;article 10 de la Loi 34\/2002, de Services de la Soci\u00e9t\u00e9 de l&rsquo;Information et de Commerce \u00c9lectronique, l&#8217;rapportons que ce web est titularisation de Francesc Xavier Amor\u00f3s Piera, (dor\u00e9navant \u201cTITULAIRE\u201d), avec NIF 40871064H, domicile \u00e0 C\u00e8me\/ Major 64 de Vilanova de Bellpuig- CP 25264 ; t\u00e9l\u00e9phone 608556032, courrier [&hellip;]<\/p>\n","protected":false},"author":1,"featured_media":0,"parent":0,"menu_order":0,"comment_status":"closed","ping_status":"closed","template":"","meta":{"_uag_custom_page_level_css":"","site-sidebar-layout":"default","site-content-layout":"default","ast-site-content-layout":"default","site-content-style":"default","site-sidebar-style":"default","ast-global-header-display":"","ast-banner-title-visibility":"","ast-main-header-display":"","ast-hfb-above-header-display":"","ast-hfb-below-header-display":"","ast-hfb-mobile-header-display":"","site-post-title":"disabled","ast-breadcrumbs-content":"","ast-featured-img":"","footer-sml-layout":"","ast-disable-related-posts":"","theme-transparent-header-meta":"default","adv-header-id-meta":"","stick-header-meta":"default","header-above-stick-meta":"","header-main-stick-meta":"","header-below-stick-meta":"","astra-migrate-meta-layouts":"default","ast-page-background-enabled":"default","ast-page-background-meta":{"desktop":{"background-color":"","background-image":"","background-repeat":"repeat","background-position":"center center","background-size":"auto","background-attachment":"scroll","background-type":"","background-media":"","overlay-type":"","overlay-color":"","overlay-opacity":"","overlay-gradient":""},"tablet":{"background-color":"","background-image":"","background-repeat":"repeat","background-position":"center center","background-size":"auto","background-attachment":"scroll","background-type":"","background-media":"","overlay-type":"","overlay-color":"","overlay-opacity":"","overlay-gradient":""},"mobile":{"background-color":"","background-image":"","background-repeat":"repeat","background-position":"center center","background-size":"auto","background-attachment":"scroll","background-type":"","background-media":"","overlay-type":"","overlay-color":"","overlay-opacity":"","overlay-gradient":""}},"ast-content-background-meta":{"desktop":{"background-color":"var(--ast-global-color-5)","background-image":"","background-repeat":"repeat","background-position":"center center","background-size":"auto","background-attachment":"scroll","background-type":"","background-media":"","overlay-type":"","overlay-color":"","overlay-opacity":"","overlay-gradient":""},"tablet":{"background-color":"var(--ast-global-color-5)","background-image":"","background-repeat":"repeat","background-position":"center center","background-size":"auto","background-attachment":"scroll","background-type":"","background-media":"","overlay-type":"","overlay-color":"","overlay-opacity":"","overlay-gradient":""},"mobile":{"background-color":"var(--ast-global-color-5)","background-image":"","background-repeat":"repeat","background-position":"center center","background-size":"auto","background-attachment":"scroll","background-type":"","background-media":"","overlay-type":"","overlay-color":"","overlay-opacity":"","overlay-gradient":""}},"footnotes":""},"class_list":["post-876","page","type-page","status-publish","hentry"],"yoast_head":"<!-- This site is optimized with the Yoast SEO plugin v26.8 - https:\/\/yoast.com\/product\/yoast-seo-wordpress\/ -->\n<title>Avertissement L\u00e9gal - Cal Mag\u00ed de Vilanova<\/title>\n<meta name=\"robots\" content=\"noindex, follow\" \/>\n<meta property=\"og:locale\" content=\"fr_FR\" \/>\n<meta property=\"og:type\" content=\"article\" \/>\n<meta property=\"og:title\" content=\"Avertissement L\u00e9gal - Cal Mag\u00ed de Vilanova\" \/>\n<meta property=\"og:description\" content=\"Avertissement L\u00e9gal De conformit\u00e9 avec l&#039;article 10 de la Loi 34\/2002, de Services de la Soci\u00e9t\u00e9 de l&#039;Information et de Commerce \u00c9lectronique, l&#8217;rapportons que ce web est titularisation de Francesc Xavier Amor\u00f3s Piera, (dor\u00e9navant \u201cTITULAIRE\u201d), avec NIF 40871064H, domicile \u00e0 C\u00e8me\/ Major 64 de Vilanova de Bellpuig- CP 25264 ; t\u00e9l\u00e9phone 608556032, courrier [&hellip;]\" \/>\n<meta property=\"og:url\" content=\"https:\/\/www.calmagidevilanova.cat\/fr\/avertissement-legal\/\" \/>\n<meta property=\"og:site_name\" content=\"Cal Mag\u00ed de Vilanova\" \/>\n<meta property=\"article:modified_time\" content=\"2021-05-29T15:18:00+00:00\" \/>\n<meta name=\"twitter:card\" content=\"summary_large_image\" \/>\n<meta name=\"twitter:label1\" content=\"Dur\u00e9e de lecture estim\u00e9e\" \/>\n\t<meta name=\"twitter:data1\" content=\"3 minutes\" \/>\n<script type=\"application\/ld+json\" class=\"yoast-schema-graph\">{\"@context\":\"https:\/\/schema.org\",\"@graph\":[{\"@type\":\"WebPage\",\"@id\":\"https:\/\/www.calmagidevilanova.cat\/fr\/avertissement-legal\/\",\"url\":\"https:\/\/www.calmagidevilanova.cat\/fr\/avertissement-legal\/\",\"name\":\"Avertissement L\u00e9gal - Cal Mag\u00ed de Vilanova\",\"isPartOf\":{\"@id\":\"https:\/\/www.calmagidevilanova.cat\/fr\/#website\"},\"datePublished\":\"2021-05-12T07:20:20+00:00\",\"dateModified\":\"2021-05-29T15:18:00+00:00\",\"breadcrumb\":{\"@id\":\"https:\/\/www.calmagidevilanova.cat\/fr\/avertissement-legal\/#breadcrumb\"},\"inLanguage\":\"fr-FR\",\"potentialAction\":[{\"@type\":\"ReadAction\",\"target\":[\"https:\/\/www.calmagidevilanova.cat\/fr\/avertissement-legal\/\"]}]},{\"@type\":\"BreadcrumbList\",\"@id\":\"https:\/\/www.calmagidevilanova.cat\/fr\/avertissement-legal\/#breadcrumb\",\"itemListElement\":[{\"@type\":\"ListItem\",\"position\":1,\"name\":\"Portada\",\"item\":\"https:\/\/www.calmagidevilanova.cat\/fr\/\"},{\"@type\":\"ListItem\",\"position\":2,\"name\":\"Avertissement L\u00e9gal\"}]},{\"@type\":\"WebSite\",\"@id\":\"https:\/\/www.calmagidevilanova.cat\/fr\/#website\",\"url\":\"https:\/\/www.calmagidevilanova.cat\/fr\/\",\"name\":\"Cal Mag\u00ed de Vilanova\",\"description\":\"\",\"publisher\":{\"@id\":\"https:\/\/www.calmagidevilanova.cat\/fr\/#organization\"},\"potentialAction\":[{\"@type\":\"SearchAction\",\"target\":{\"@type\":\"EntryPoint\",\"urlTemplate\":\"https:\/\/www.calmagidevilanova.cat\/fr\/?s={search_term_string}\"},\"query-input\":{\"@type\":\"PropertyValueSpecification\",\"valueRequired\":true,\"valueName\":\"search_term_string\"}}],\"inLanguage\":\"fr-FR\"},{\"@type\":\"Organization\",\"@id\":\"https:\/\/www.calmagidevilanova.cat\/fr\/#organization\",\"name\":\"Cal Mag\u00ed de Vilanova\",\"url\":\"https:\/\/www.calmagidevilanova.cat\/fr\/\",\"logo\":{\"@type\":\"ImageObject\",\"inLanguage\":\"fr-FR\",\"@id\":\"https:\/\/www.calmagidevilanova.cat\/fr\/#\/schema\/logo\/image\/\",\"url\":\"https:\/\/www.calmagidevilanova.cat\/fr\/wp-content\/uploads\/sites\/3\/2021\/03\/cal-magi-1.png\",\"contentUrl\":\"https:\/\/www.calmagidevilanova.cat\/fr\/wp-content\/uploads\/sites\/3\/2021\/03\/cal-magi-1.png\",\"width\":901,\"height\":334,\"caption\":\"Cal Mag\u00ed de Vilanova\"},\"image\":{\"@id\":\"https:\/\/www.calmagidevilanova.cat\/fr\/#\/schema\/logo\/image\/\"}}]}<\/script>\n<!-- \/ Yoast SEO plugin. -->","yoast_head_json":{"title":"Avertissement L\u00e9gal - Cal Mag\u00ed de Vilanova","robots":{"index":"noindex","follow":"follow"},"og_locale":"fr_FR","og_type":"article","og_title":"Avertissement L\u00e9gal - Cal Mag\u00ed de Vilanova","og_description":"Avertissement L\u00e9gal De conformit\u00e9 avec l'article 10 de la Loi 34\/2002, de Services de la Soci\u00e9t\u00e9 de l'Information et de Commerce \u00c9lectronique, l&#8217;rapportons que ce web est titularisation de Francesc Xavier Amor\u00f3s Piera, (dor\u00e9navant \u201cTITULAIRE\u201d), avec NIF 40871064H, domicile \u00e0 C\u00e8me\/ Major 64 de Vilanova de Bellpuig- CP 25264 ; t\u00e9l\u00e9phone 608556032, courrier [&hellip;]","og_url":"https:\/\/www.calmagidevilanova.cat\/fr\/avertissement-legal\/","og_site_name":"Cal Mag\u00ed de Vilanova","article_modified_time":"2021-05-29T15:18:00+00:00","twitter_card":"summary_large_image","twitter_misc":{"Dur\u00e9e de lecture estim\u00e9e":"3 minutes"},"schema":{"@context":"https:\/\/schema.org","@graph":[{"@type":"WebPage","@id":"https:\/\/www.calmagidevilanova.cat\/fr\/avertissement-legal\/","url":"https:\/\/www.calmagidevilanova.cat\/fr\/avertissement-legal\/","name":"Avertissement L\u00e9gal - Cal Mag\u00ed de Vilanova","isPartOf":{"@id":"https:\/\/www.calmagidevilanova.cat\/fr\/#website"},"datePublished":"2021-05-12T07:20:20+00:00","dateModified":"2021-05-29T15:18:00+00:00","breadcrumb":{"@id":"https:\/\/www.calmagidevilanova.cat\/fr\/avertissement-legal\/#breadcrumb"},"inLanguage":"fr-FR","potentialAction":[{"@type":"ReadAction","target":["https:\/\/www.calmagidevilanova.cat\/fr\/avertissement-legal\/"]}]},{"@type":"BreadcrumbList","@id":"https:\/\/www.calmagidevilanova.cat\/fr\/avertissement-legal\/#breadcrumb","itemListElement":[{"@type":"ListItem","position":1,"name":"Portada","item":"https:\/\/www.calmagidevilanova.cat\/fr\/"},{"@type":"ListItem","position":2,"name":"Avertissement L\u00e9gal"}]},{"@type":"WebSite","@id":"https:\/\/www.calmagidevilanova.cat\/fr\/#website","url":"https:\/\/www.calmagidevilanova.cat\/fr\/","name":"Cal Mag\u00ed de Vilanova","description":"","publisher":{"@id":"https:\/\/www.calmagidevilanova.cat\/fr\/#organization"},"potentialAction":[{"@type":"SearchAction","target":{"@type":"EntryPoint","urlTemplate":"https:\/\/www.calmagidevilanova.cat\/fr\/?s={search_term_string}"},"query-input":{"@type":"PropertyValueSpecification","valueRequired":true,"valueName":"search_term_string"}}],"inLanguage":"fr-FR"},{"@type":"Organization","@id":"https:\/\/www.calmagidevilanova.cat\/fr\/#organization","name":"Cal Mag\u00ed de Vilanova","url":"https:\/\/www.calmagidevilanova.cat\/fr\/","logo":{"@type":"ImageObject","inLanguage":"fr-FR","@id":"https:\/\/www.calmagidevilanova.cat\/fr\/#\/schema\/logo\/image\/","url":"https:\/\/www.calmagidevilanova.cat\/fr\/wp-content\/uploads\/sites\/3\/2021\/03\/cal-magi-1.png","contentUrl":"https:\/\/www.calmagidevilanova.cat\/fr\/wp-content\/uploads\/sites\/3\/2021\/03\/cal-magi-1.png","width":901,"height":334,"caption":"Cal Mag\u00ed de Vilanova"},"image":{"@id":"https:\/\/www.calmagidevilanova.cat\/fr\/#\/schema\/logo\/image\/"}}]}},"uagb_featured_image_src":{"full":false,"thumbnail":false,"medium":false,"medium_large":false,"large":false,"1536x1536":false,"2048x2048":false,"gs-tiny":false,"xl":false,"xxl":false,"xxxl":false,"xxxxl":false,"xxxxxl":false,"gform-image-choice-sm":false,"gform-image-choice-md":false,"gform-image-choice-lg":false},"uagb_author_info":{"display_name":"Albert","author_link":"https:\/\/www.calmagidevilanova.cat\/fr\/author\/albert\/"},"uagb_comment_info":0,"uagb_excerpt":"Avertissement L\u00e9gal De conformit\u00e9 avec l'article 10 de la Loi 34\/2002, de Services de la Soci\u00e9t\u00e9 de l'Information et de Commerce \u00c9lectronique, l&#8217;rapportons que ce web est titularisation de Francesc Xavier Amor\u00f3s Piera, (dor\u00e9navant \u201cTITULAIRE\u201d), avec NIF 40871064H, domicile \u00e0 C\u00e8me\/ Major 64 de Vilanova de Bellpuig- CP 25264 ; t\u00e9l\u00e9phone 608556032, courrier [&hellip;]","_links":{"self":[{"href":"https:\/\/www.calmagidevilanova.cat\/fr\/wp-json\/wp\/v2\/pages\/876","targetHints":{"allow":["GET"]}}],"collection":[{"href":"https:\/\/www.calmagidevilanova.cat\/fr\/wp-json\/wp\/v2\/pages"}],"about":[{"href":"https:\/\/www.calmagidevilanova.cat\/fr\/wp-json\/wp\/v2\/types\/page"}],"author":[{"embeddable":true,"href":"https:\/\/www.calmagidevilanova.cat\/fr\/wp-json\/wp\/v2\/users\/1"}],"replies":[{"embeddable":true,"href":"https:\/\/www.calmagidevilanova.cat\/fr\/wp-json\/wp\/v2\/comments?post=876"}],"version-history":[{"count":2,"href":"https:\/\/www.calmagidevilanova.cat\/fr\/wp-json\/wp\/v2\/pages\/876\/revisions"}],"predecessor-version":[{"id":898,"href":"https:\/\/www.calmagidevilanova.cat\/fr\/wp-json\/wp\/v2\/pages\/876\/revisions\/898"}],"wp:attachment":[{"href":"https:\/\/www.calmagidevilanova.cat\/fr\/wp-json\/wp\/v2\/media?parent=876"}],"curies":[{"name":"wp","href":"https:\/\/api.w.org\/{rel}","templated":true}]}}