{"id":12,"date":"2021-03-29T13:09:55","date_gmt":"2021-03-29T11:09:55","guid":{"rendered":"https:\/\/www.calmagidevilanova.cat\/?page_id=12"},"modified":"2021-04-29T12:04:51","modified_gmt":"2021-04-29T10:04:51","slug":"la-maison","status":"publish","type":"page","link":"https:\/\/www.calmagidevilanova.cat\/fr\/la-maison\/","title":{"rendered":"La maison"},"content":{"rendered":"\n<section class=\"wp-block-uagb-section uagb-section__wrap uagb-section__background-image alignfull uagb-block-78af259d\"><div class=\"uagb-section__overlay\"><\/div><div class=\"uagb-section__inner-wrap\"><style>.wp-block-kadence-spacer.kt-block-spacer-_b4dc4f-85 .kt-block-spacer{height:550px;}.wp-block-kadence-spacer.kt-block-spacer-_b4dc4f-85 .kt-divider{border-top-width:1px;height:1px;border-top-color:#eee;width:80%;border-top-style:solid;}@media all and (max-width: 1024px){.wp-block-kadence-spacer.kt-block-spacer-_b4dc4f-85 .kt-block-spacer{height:400px!important;}}@media all and (max-width: 767px){.wp-block-kadence-spacer.kt-block-spacer-_b4dc4f-85 .kt-block-spacer{height:240px!important;}}<\/style>\n<div class=\"wp-block-kadence-spacer aligncenter kt-block-spacer-_b4dc4f-85\"><div class=\"kt-block-spacer kt-block-spacer-halign-center\" style=\"height:550px\"><\/div><\/div>\n<\/div><\/section>\n\n\n<style>.wp-block-kadence-spacer.kt-block-spacer-_fd2e48-6e .kt-block-spacer{height:60px;}.wp-block-kadence-spacer.kt-block-spacer-_fd2e48-6e .kt-divider{border-top-width:1px;height:1px;border-top-color:#eee;width:80%;border-top-style:solid;}@media all and (max-width: 767px){.wp-block-kadence-spacer.kt-block-spacer-_fd2e48-6e .kt-block-spacer{height:30px!important;}}<\/style>\n<div class=\"wp-block-kadence-spacer aligncenter kt-block-spacer-_fd2e48-6e\"><div class=\"kt-block-spacer kt-block-spacer-halign-center\" style=\"height:60px\"><\/div><\/div>\n\n\n\n<section class=\"wp-block-uagb-section uagb-section__wrap uagb-section__background-undefined uagb-block-8515483c\"><div class=\"uagb-section__overlay\"><\/div><div class=\"uagb-section__inner-wrap\">\n<h1 class=\"has-text-align-center has-text-color wp-block-heading\" style=\"color:#727430\">La maison<\/h1>\n\n\n\n<p>Cal Mag\u00ed de Vilanova est une maison situ\u00e9e \u00e0 la lisi\u00e8re du village de Vilanova de Bellpuig, dans la circonscription d\u2019 El Pla d\u2019Urgell.<\/p>\n\n\n\n<p>Construite en 1980, la maison est depuis 2008 lieu de rencontre pour des familles et amis le temps d\u2019un week-end ou des vacances. On y f\u00eate aussi des anniversaires, des mariages et communions et d\u2019autres c\u00e9r\u00e9monies ou c\u00e9l\u00e9brations.<\/p>\n\n\n\n<p>Gr\u00e2ce \u00e0 son emplacement et son orientation g\u00e9ographique, on peut se d\u00e9lecter avec la fabuleuse vari\u00e9t\u00e9 de couleurs des couchers de soleil de la r\u00e9gion.<\/p>\n\n\n\n<p>Un charmant jardin de plus de 400 m<sup>2<\/sup> entoure la maison. La piscine de 12 x 6 m\u00e8tres, a une zone de nage moins profonde pour les enfants et, tout autour, des bains de soleil sont dispos\u00e9s pour la lecture, le repos ou le farniente. Il y a aussi un grand barbecue<\/p>\n\n\n\n<p>La maison dispose de wi-fi gratuit et de t\u00e9l\u00e9viseur dans toutes les chambres.<\/p>\n\n\n\n<p>Elle se loue dans sa totalit\u00e9. Toutefois, pour des c\u00e9l\u00e9brations ponctuelles, vous pouvez consulter la disponibilit\u00e9 d\u2019espaces ind\u00e9pendants.<\/p>\n<\/div><\/section>\n\n\n<style>.wp-block-kadence-spacer.kt-block-spacer-_97020b-13 .kt-block-spacer{height:30px;}.wp-block-kadence-spacer.kt-block-spacer-_97020b-13 .kt-divider{border-top-width:1px;height:1px;border-top-color:#eee;width:80%;border-top-style:solid;}@media all and (max-width: 767px){.wp-block-kadence-spacer.kt-block-spacer-_97020b-13 .kt-block-spacer{height:20px!important;}}<\/style>\n<div class=\"wp-block-kadence-spacer aligncenter kt-block-spacer-_97020b-13\"><div class=\"kt-block-spacer kt-block-spacer-halign-center\" style=\"height:30px\"><\/div><\/div>\n\n\n\n<hr class=\"wp-block-separator has-text-color has-background is-style-wide\" style=\"background-color:#727430;color:#727430\" \/>\n\n\n<style>.wp-block-kadence-spacer.kt-block-spacer-_710753-41 .kt-block-spacer{height:30px;}.wp-block-kadence-spacer.kt-block-spacer-_710753-41 .kt-divider{border-top-width:1px;height:1px;border-top-color:#eee;width:80%;border-top-style:solid;}@media all and (max-width: 767px){.wp-block-kadence-spacer.kt-block-spacer-_710753-41 .kt-block-spacer{height:20px!important;}}<\/style>\n<div class=\"wp-block-kadence-spacer aligncenter kt-block-spacer-_710753-41\"><div class=\"kt-block-spacer kt-block-spacer-halign-center\" style=\"height:30px\"><\/div><\/div>\n\n\n\n<h2 class=\"has-text-align-center has-text-color has-large-font-size wp-block-heading\" style=\"color:#727430\">Equipements<\/h2>\n\n\n\n<section class=\"wp-block-uagb-columns uagb-columns__wrap uagb-columns__background-undefined uagb-columns__stack-mobile uagb-columns__valign-undefined uagb-columns__gap-10 alignundefined uagb-block-47b15429\"><div class=\"uagb-columns__overlay\"><\/div><div class=\"uagb-columns__inner-wrap uagb-columns__columns-2\">\n<div class=\"wp-block-uagb-column uagb-column__wrap uagb-column__background-undefined uagb-block-15c589c6\"><div class=\"uagb-column__overlay\"><\/div><div class=\"uagb-column__inner-wrap\">\n<div class=\"wp-block-cover has-background-dim-30 has-background-dim banner_169_home\" style=\"background-color:#727430;min-height:250px;aspect-ratio:unset;\"><img loading=\"lazy\" decoding=\"async\" width=\"1500\" height=\"1125\" class=\"wp-block-cover__image-background wp-image-202\" alt=\"\" src=\"https:\/\/www.calmagidevilanova.cat\/wp-content\/uploads\/sites\/3\/2021\/03\/menjador-sala-d-estar-2-1.jpg\" data-object-fit=\"cover\" srcset=\"https:\/\/www.calmagidevilanova.cat\/fr\/wp-content\/uploads\/sites\/3\/2021\/03\/menjador-sala-d-estar-2-1.jpg 1500w, https:\/\/www.calmagidevilanova.cat\/fr\/wp-content\/uploads\/sites\/3\/2021\/03\/menjador-sala-d-estar-2-1-300x225.jpg 300w, https:\/\/www.calmagidevilanova.cat\/fr\/wp-content\/uploads\/sites\/3\/2021\/03\/menjador-sala-d-estar-2-1-1024x768.jpg 1024w, https:\/\/www.calmagidevilanova.cat\/fr\/wp-content\/uploads\/sites\/3\/2021\/03\/menjador-sala-d-estar-2-1-768x576.jpg 768w\" sizes=\"auto, (max-width: 1500px) 100vw, 1500px\" \/><div class=\"wp-block-cover__inner-container is-layout-flow wp-block-cover-is-layout-flow\">\n<p class=\"has-text-align-center has-white-color has-text-color has-large-font-size\"><a href=\"https:\/\/www.calmagidevilanova.cat\/fr\/la-maison\/equipements\/\">Etage principal<\/a><\/p>\n<\/div><\/div>\n\n\n\n<div style=\"height:30px\" aria-hidden=\"true\" class=\"wp-block-spacer\"><\/div>\n\n\n\n<div class=\"wp-block-cover has-background-dim-30 has-background-dim banner_169_home\" style=\"background-color:#727340;min-height:250px;aspect-ratio:unset;\"><img loading=\"lazy\" decoding=\"async\" width=\"1500\" height=\"1000\" class=\"wp-block-cover__image-background wp-image-91\" alt=\"\" src=\"https:\/\/www.calmagidevilanova.cat\/wp-content\/uploads\/sites\/3\/2021\/03\/sala-d-estar-13.jpg\" data-object-fit=\"cover\" srcset=\"https:\/\/www.calmagidevilanova.cat\/fr\/wp-content\/uploads\/sites\/3\/2021\/03\/sala-d-estar-13.jpg 1500w, https:\/\/www.calmagidevilanova.cat\/fr\/wp-content\/uploads\/sites\/3\/2021\/03\/sala-d-estar-13-300x200.jpg 300w, https:\/\/www.calmagidevilanova.cat\/fr\/wp-content\/uploads\/sites\/3\/2021\/03\/sala-d-estar-13-1024x683.jpg 1024w, https:\/\/www.calmagidevilanova.cat\/fr\/wp-content\/uploads\/sites\/3\/2021\/03\/sala-d-estar-13-768x512.jpg 768w\" sizes=\"auto, (max-width: 1500px) 100vw, 1500px\" \/><div class=\"wp-block-cover__inner-container is-layout-flow wp-block-cover-is-layout-flow\">\n<p class=\"has-text-align-center has-white-color has-text-color has-large-font-size\"><a href=\"https:\/\/www.calmagidevilanova.cat\/fr\/la-maison\/equipements\/#semienterre\">Semi-enterr\u00e9<\/a><\/p>\n<\/div><\/div>\n<\/div><\/div>\n\n\n\n<div class=\"wp-block-uagb-column uagb-column__wrap uagb-column__background-undefined uagb-block-ab71d47f\"><div class=\"uagb-column__overlay\"><\/div><div class=\"uagb-column__inner-wrap\">\n<div class=\"wp-block-cover has-background-dim-30 has-background-dim banner_169_home\" style=\"background-color:#727430;min-height:250px;aspect-ratio:unset;\"><img loading=\"lazy\" decoding=\"async\" width=\"1500\" height=\"1000\" class=\"wp-block-cover__image-background wp-image-84\" alt=\"\" src=\"https:\/\/www.calmagidevilanova.cat\/wp-content\/uploads\/sites\/3\/2021\/03\/habitacio-multiple-pis-superior-4.jpg\" style=\"object-position:100% 67%\" data-object-fit=\"cover\" data-object-position=\"100% 67%\" srcset=\"https:\/\/www.calmagidevilanova.cat\/fr\/wp-content\/uploads\/sites\/3\/2021\/03\/habitacio-multiple-pis-superior-4.jpg 1500w, https:\/\/www.calmagidevilanova.cat\/fr\/wp-content\/uploads\/sites\/3\/2021\/03\/habitacio-multiple-pis-superior-4-300x200.jpg 300w, https:\/\/www.calmagidevilanova.cat\/fr\/wp-content\/uploads\/sites\/3\/2021\/03\/habitacio-multiple-pis-superior-4-1024x683.jpg 1024w, https:\/\/www.calmagidevilanova.cat\/fr\/wp-content\/uploads\/sites\/3\/2021\/03\/habitacio-multiple-pis-superior-4-768x512.jpg 768w\" sizes=\"auto, (max-width: 1500px) 100vw, 1500px\" \/><div class=\"wp-block-cover__inner-container is-layout-flow wp-block-cover-is-layout-flow\">\n<p class=\"has-text-align-center has-white-color has-text-color has-large-font-size\"><a href=\"https:\/\/www.calmagidevilanova.cat\/fr\/la-maison\/equipements\/#premier_etage\">Premier \u00e9tage<\/a><\/p>\n<\/div><\/div>\n\n\n\n<div style=\"height:30px\" aria-hidden=\"true\" class=\"wp-block-spacer\"><\/div>\n\n\n\n<div class=\"wp-block-cover has-background-dim-30 has-background-dim banner_169_home\" style=\"background-color:#727340;min-height:250px;aspect-ratio:unset;\"><img loading=\"lazy\" decoding=\"async\" width=\"1500\" height=\"1125\" class=\"wp-block-cover__image-background wp-image-109\" alt=\"\" src=\"https:\/\/www.calmagidevilanova.cat\/wp-content\/uploads\/sites\/3\/2021\/03\/jardi-6.jpg\" data-object-fit=\"cover\" srcset=\"https:\/\/www.calmagidevilanova.cat\/fr\/wp-content\/uploads\/sites\/3\/2021\/03\/jardi-6.jpg 1500w, https:\/\/www.calmagidevilanova.cat\/fr\/wp-content\/uploads\/sites\/3\/2021\/03\/jardi-6-300x225.jpg 300w, https:\/\/www.calmagidevilanova.cat\/fr\/wp-content\/uploads\/sites\/3\/2021\/03\/jardi-6-1024x768.jpg 1024w, https:\/\/www.calmagidevilanova.cat\/fr\/wp-content\/uploads\/sites\/3\/2021\/03\/jardi-6-768x576.jpg 768w\" sizes=\"auto, (max-width: 1500px) 100vw, 1500px\" \/><div class=\"wp-block-cover__inner-container is-layout-flow wp-block-cover-is-layout-flow\">\n<p class=\"has-text-align-center has-white-color has-text-color has-large-font-size\"><a href=\"https:\/\/www.calmagidevilanova.cat\/fr\/la-maison\/equipements\/#exterieur\">Ext\u00e9rieur<\/a><\/p>\n<\/div><\/div>\n<\/div><\/div>\n<\/div><\/section>\n\n\n<style>.wp-block-kadence-spacer.kt-block-spacer-_7fb22d-fd .kt-block-spacer{height:30px;}.wp-block-kadence-spacer.kt-block-spacer-_7fb22d-fd .kt-divider{border-top-width:1px;height:1px;border-top-color:#eee;width:80%;border-top-style:solid;}@media all and (max-width: 767px){.wp-block-kadence-spacer.kt-block-spacer-_7fb22d-fd .kt-block-spacer{height:20px!important;}}<\/style>\n<div class=\"wp-block-kadence-spacer aligncenter kt-block-spacer-_7fb22d-fd\"><div class=\"kt-block-spacer kt-block-spacer-halign-center\" style=\"height:30px\"><\/div><\/div>\n\n\n\n<div class=\"wp-block-uagb-buttons uagb-buttons__outer-wrap uagb-block-2190692f\"><div class=\"uagb-buttons__wrap uagb-buttons-layout-wrap\">\n<div class=\"wp-block-uagb-buttons-child uagb-buttons__outer-wrap uagb-block-e53c1616\"><div class=\"uagb-button__wrapper\"><a class=\"uagb-buttons-repeater\" href=\"https:\/\/www.calmagidevilanova.cat\/fr\/la-maison\/equipements\/\" rel=\"noopener noreferrer\" target=\"_self\"><div class=\"uagb-button__link\">Voir l&rsquo;\u00c9quipement<\/div><\/a><\/div><\/div>\n<\/div><\/div>\n\n\n\n<div style=\"height:80px\" aria-hidden=\"true\" class=\"wp-block-spacer\"><\/div>\n","protected":false},"excerpt":{"rendered":"<p>Equipements<\/p>\n","protected":false},"author":1,"featured_media":0,"parent":0,"menu_order":0,"comment_status":"closed","ping_status":"closed","template":"","meta":{"_uag_custom_page_level_css":"","site-sidebar-layout":"default","site-content-layout":"default","ast-site-content-layout":"default","site-content-style":"default","site-sidebar-style":"default","ast-global-header-display":"","ast-banner-title-visibility":"","ast-main-header-display":"","ast-hfb-above-header-display":"","ast-hfb-below-header-display":"","ast-hfb-mobile-header-display":"","site-post-title":"disabled","ast-breadcrumbs-content":"","ast-featured-img":"","footer-sml-layout":"","ast-disable-related-posts":"","theme-transparent-header-meta":"default","adv-header-id-meta":"","stick-header-meta":"default","header-above-stick-meta":"","header-main-stick-meta":"","header-below-stick-meta":"","astra-migrate-meta-layouts":"default","ast-page-background-enabled":"default","ast-page-background-meta":{"desktop":{"background-color":"","background-image":"","background-repeat":"repeat","background-position":"center center","background-size":"auto","background-attachment":"scroll","background-type":"","background-media":"","overlay-type":"","overlay-color":"","overlay-opacity":"","overlay-gradient":""},"tablet":{"background-color":"","background-image":"","background-repeat":"repeat","background-position":"center center","background-size":"auto","background-attachment":"scroll","background-type":"","background-media":"","overlay-type":"","overlay-color":"","overlay-opacity":"","overlay-gradient":""},"mobile":{"background-color":"","background-image":"","background-repeat":"repeat","background-position":"center center","background-size":"auto","background-attachment":"scroll","background-type":"","background-media":"","overlay-type":"","overlay-color":"","overlay-opacity":"","overlay-gradient":""}},"ast-content-background-meta":{"desktop":{"background-color":"var(--ast-global-color-5)","background-image":"","background-repeat":"repeat","background-position":"center center","background-size":"auto","background-attachment":"scroll","background-type":"","background-media":"","overlay-type":"","overlay-color":"","overlay-opacity":"","overlay-gradient":""},"tablet":{"background-color":"var(--ast-global-color-5)","background-image":"","background-repeat":"repeat","background-position":"center center","background-size":"auto","background-attachment":"scroll","background-type":"","background-media":"","overlay-type":"","overlay-color":"","overlay-opacity":"","overlay-gradient":""},"mobile":{"background-color":"var(--ast-global-color-5)","background-image":"","background-repeat":"repeat","background-position":"center center","background-size":"auto","background-attachment":"scroll","background-type":"","background-media":"","overlay-type":"","overlay-color":"","overlay-opacity":"","overlay-gradient":""}},"footnotes":""},"class_list":["post-12","page","type-page","status-publish","hentry"],"yoast_head":"<!-- This site is optimized with the Yoast SEO plugin v26.8 - https:\/\/yoast.com\/product\/yoast-seo-wordpress\/ -->\n<title>La maison - Cal Mag\u00ed de Vilanova<\/title>\n<meta name=\"robots\" content=\"index, follow, max-snippet:-1, max-image-preview:large, max-video-preview:-1\" \/>\n<link rel=\"canonical\" href=\"https:\/\/www.calmagidevilanova.cat\/fr\/la-maison\/\" \/>\n<meta property=\"og:locale\" content=\"fr_FR\" \/>\n<meta property=\"og:type\" content=\"article\" \/>\n<meta property=\"og:title\" content=\"La maison - Cal Mag\u00ed de Vilanova\" \/>\n<meta property=\"og:description\" content=\"Equipements\" \/>\n<meta property=\"og:url\" content=\"https:\/\/www.calmagidevilanova.cat\/fr\/la-maison\/\" \/>\n<meta property=\"og:site_name\" content=\"Cal Mag\u00ed de Vilanova\" \/>\n<meta property=\"article:modified_time\" content=\"2021-04-29T10:04:51+00:00\" \/>\n<meta property=\"og:image\" content=\"https:\/\/www.calmagidevilanova.cat\/wp-content\/uploads\/sites\/3\/2021\/03\/menjador-sala-d-estar-2-1.jpg\" \/>\n<meta name=\"twitter:card\" content=\"summary_large_image\" \/>\n<meta name=\"twitter:label1\" content=\"Dur\u00e9e de lecture estim\u00e9e\" \/>\n\t<meta name=\"twitter:data1\" content=\"2 minutes\" \/>\n<script type=\"application\/ld+json\" class=\"yoast-schema-graph\">{\"@context\":\"https:\/\/schema.org\",\"@graph\":[{\"@type\":\"WebPage\",\"@id\":\"https:\/\/www.calmagidevilanova.cat\/fr\/la-maison\/\",\"url\":\"https:\/\/www.calmagidevilanova.cat\/fr\/la-maison\/\",\"name\":\"La maison - Cal Mag\u00ed de Vilanova\",\"isPartOf\":{\"@id\":\"https:\/\/www.calmagidevilanova.cat\/fr\/#website\"},\"primaryImageOfPage\":{\"@id\":\"https:\/\/www.calmagidevilanova.cat\/fr\/la-maison\/#primaryimage\"},\"image\":{\"@id\":\"https:\/\/www.calmagidevilanova.cat\/fr\/la-maison\/#primaryimage\"},\"thumbnailUrl\":\"https:\/\/www.calmagidevilanova.cat\/wp-content\/uploads\/sites\/3\/2021\/03\/menjador-sala-d-estar-2-1.jpg\",\"datePublished\":\"2021-03-29T11:09:55+00:00\",\"dateModified\":\"2021-04-29T10:04:51+00:00\",\"breadcrumb\":{\"@id\":\"https:\/\/www.calmagidevilanova.cat\/fr\/la-maison\/#breadcrumb\"},\"inLanguage\":\"fr-FR\",\"potentialAction\":[{\"@type\":\"ReadAction\",\"target\":[\"https:\/\/www.calmagidevilanova.cat\/fr\/la-maison\/\"]}]},{\"@type\":\"ImageObject\",\"inLanguage\":\"fr-FR\",\"@id\":\"https:\/\/www.calmagidevilanova.cat\/fr\/la-maison\/#primaryimage\",\"url\":\"https:\/\/www.calmagidevilanova.cat\/wp-content\/uploads\/sites\/3\/2021\/03\/menjador-sala-d-estar-2-1.jpg\",\"contentUrl\":\"https:\/\/www.calmagidevilanova.cat\/wp-content\/uploads\/sites\/3\/2021\/03\/menjador-sala-d-estar-2-1.jpg\"},{\"@type\":\"BreadcrumbList\",\"@id\":\"https:\/\/www.calmagidevilanova.cat\/fr\/la-maison\/#breadcrumb\",\"itemListElement\":[{\"@type\":\"ListItem\",\"position\":1,\"name\":\"Portada\",\"item\":\"https:\/\/www.calmagidevilanova.cat\/fr\/\"},{\"@type\":\"ListItem\",\"position\":2,\"name\":\"La maison\"}]},{\"@type\":\"WebSite\",\"@id\":\"https:\/\/www.calmagidevilanova.cat\/fr\/#website\",\"url\":\"https:\/\/www.calmagidevilanova.cat\/fr\/\",\"name\":\"Cal Mag\u00ed de Vilanova\",\"description\":\"\",\"publisher\":{\"@id\":\"https:\/\/www.calmagidevilanova.cat\/fr\/#organization\"},\"potentialAction\":[{\"@type\":\"SearchAction\",\"target\":{\"@type\":\"EntryPoint\",\"urlTemplate\":\"https:\/\/www.calmagidevilanova.cat\/fr\/?s={search_term_string}\"},\"query-input\":{\"@type\":\"PropertyValueSpecification\",\"valueRequired\":true,\"valueName\":\"search_term_string\"}}],\"inLanguage\":\"fr-FR\"},{\"@type\":\"Organization\",\"@id\":\"https:\/\/www.calmagidevilanova.cat\/fr\/#organization\",\"name\":\"Cal Mag\u00ed de Vilanova\",\"url\":\"https:\/\/www.calmagidevilanova.cat\/fr\/\",\"logo\":{\"@type\":\"ImageObject\",\"inLanguage\":\"fr-FR\",\"@id\":\"https:\/\/www.calmagidevilanova.cat\/fr\/#\/schema\/logo\/image\/\",\"url\":\"https:\/\/www.calmagidevilanova.cat\/fr\/wp-content\/uploads\/sites\/3\/2021\/03\/cal-magi-1.png\",\"contentUrl\":\"https:\/\/www.calmagidevilanova.cat\/fr\/wp-content\/uploads\/sites\/3\/2021\/03\/cal-magi-1.png\",\"width\":901,\"height\":334,\"caption\":\"Cal Mag\u00ed de Vilanova\"},\"image\":{\"@id\":\"https:\/\/www.calmagidevilanova.cat\/fr\/#\/schema\/logo\/image\/\"}}]}<\/script>\n<!-- \/ Yoast SEO plugin. -->","yoast_head_json":{"title":"La maison - Cal Mag\u00ed de Vilanova","robots":{"index":"index","follow":"follow","max-snippet":"max-snippet:-1","max-image-preview":"max-image-preview:large","max-video-preview":"max-video-preview:-1"},"canonical":"https:\/\/www.calmagidevilanova.cat\/fr\/la-maison\/","og_locale":"fr_FR","og_type":"article","og_title":"La maison - Cal Mag\u00ed de Vilanova","og_description":"Equipements","og_url":"https:\/\/www.calmagidevilanova.cat\/fr\/la-maison\/","og_site_name":"Cal Mag\u00ed de Vilanova","article_modified_time":"2021-04-29T10:04:51+00:00","og_image":[{"url":"https:\/\/www.calmagidevilanova.cat\/wp-content\/uploads\/sites\/3\/2021\/03\/menjador-sala-d-estar-2-1.jpg","type":"","width":"","height":""}],"twitter_card":"summary_large_image","twitter_misc":{"Dur\u00e9e de lecture estim\u00e9e":"2 minutes"},"schema":{"@context":"https:\/\/schema.org","@graph":[{"@type":"WebPage","@id":"https:\/\/www.calmagidevilanova.cat\/fr\/la-maison\/","url":"https:\/\/www.calmagidevilanova.cat\/fr\/la-maison\/","name":"La maison - Cal Mag\u00ed de Vilanova","isPartOf":{"@id":"https:\/\/www.calmagidevilanova.cat\/fr\/#website"},"primaryImageOfPage":{"@id":"https:\/\/www.calmagidevilanova.cat\/fr\/la-maison\/#primaryimage"},"image":{"@id":"https:\/\/www.calmagidevilanova.cat\/fr\/la-maison\/#primaryimage"},"thumbnailUrl":"https:\/\/www.calmagidevilanova.cat\/wp-content\/uploads\/sites\/3\/2021\/03\/menjador-sala-d-estar-2-1.jpg","datePublished":"2021-03-29T11:09:55+00:00","dateModified":"2021-04-29T10:04:51+00:00","breadcrumb":{"@id":"https:\/\/www.calmagidevilanova.cat\/fr\/la-maison\/#breadcrumb"},"inLanguage":"fr-FR","potentialAction":[{"@type":"ReadAction","target":["https:\/\/www.calmagidevilanova.cat\/fr\/la-maison\/"]}]},{"@type":"ImageObject","inLanguage":"fr-FR","@id":"https:\/\/www.calmagidevilanova.cat\/fr\/la-maison\/#primaryimage","url":"https:\/\/www.calmagidevilanova.cat\/wp-content\/uploads\/sites\/3\/2021\/03\/menjador-sala-d-estar-2-1.jpg","contentUrl":"https:\/\/www.calmagidevilanova.cat\/wp-content\/uploads\/sites\/3\/2021\/03\/menjador-sala-d-estar-2-1.jpg"},{"@type":"BreadcrumbList","@id":"https:\/\/www.calmagidevilanova.cat\/fr\/la-maison\/#breadcrumb","itemListElement":[{"@type":"ListItem","position":1,"name":"Portada","item":"https:\/\/www.calmagidevilanova.cat\/fr\/"},{"@type":"ListItem","position":2,"name":"La maison"}]},{"@type":"WebSite","@id":"https:\/\/www.calmagidevilanova.cat\/fr\/#website","url":"https:\/\/www.calmagidevilanova.cat\/fr\/","name":"Cal Mag\u00ed de Vilanova","description":"","publisher":{"@id":"https:\/\/www.calmagidevilanova.cat\/fr\/#organization"},"potentialAction":[{"@type":"SearchAction","target":{"@type":"EntryPoint","urlTemplate":"https:\/\/www.calmagidevilanova.cat\/fr\/?s={search_term_string}"},"query-input":{"@type":"PropertyValueSpecification","valueRequired":true,"valueName":"search_term_string"}}],"inLanguage":"fr-FR"},{"@type":"Organization","@id":"https:\/\/www.calmagidevilanova.cat\/fr\/#organization","name":"Cal Mag\u00ed de Vilanova","url":"https:\/\/www.calmagidevilanova.cat\/fr\/","logo":{"@type":"ImageObject","inLanguage":"fr-FR","@id":"https:\/\/www.calmagidevilanova.cat\/fr\/#\/schema\/logo\/image\/","url":"https:\/\/www.calmagidevilanova.cat\/fr\/wp-content\/uploads\/sites\/3\/2021\/03\/cal-magi-1.png","contentUrl":"https:\/\/www.calmagidevilanova.cat\/fr\/wp-content\/uploads\/sites\/3\/2021\/03\/cal-magi-1.png","width":901,"height":334,"caption":"Cal Mag\u00ed de Vilanova"},"image":{"@id":"https:\/\/www.calmagidevilanova.cat\/fr\/#\/schema\/logo\/image\/"}}]}},"uagb_featured_image_src":{"full":false,"thumbnail":false,"medium":false,"medium_large":false,"large":false,"1536x1536":false,"2048x2048":false,"gs-tiny":false,"xl":false,"xxl":false,"xxxl":false,"xxxxl":false,"xxxxxl":false,"gform-image-choice-sm":false,"gform-image-choice-md":false,"gform-image-choice-lg":false},"uagb_author_info":{"display_name":"Albert","author_link":"https:\/\/www.calmagidevilanova.cat\/fr\/author\/albert\/"},"uagb_comment_info":0,"uagb_excerpt":"Equipements","_links":{"self":[{"href":"https:\/\/www.calmagidevilanova.cat\/fr\/wp-json\/wp\/v2\/pages\/12","targetHints":{"allow":["GET"]}}],"collection":[{"href":"https:\/\/www.calmagidevilanova.cat\/fr\/wp-json\/wp\/v2\/pages"}],"about":[{"href":"https:\/\/www.calmagidevilanova.cat\/fr\/wp-json\/wp\/v2\/types\/page"}],"author":[{"embeddable":true,"href":"https:\/\/www.calmagidevilanova.cat\/fr\/wp-json\/wp\/v2\/users\/1"}],"replies":[{"embeddable":true,"href":"https:\/\/www.calmagidevilanova.cat\/fr\/wp-json\/wp\/v2\/comments?post=12"}],"version-history":[{"count":13,"href":"https:\/\/www.calmagidevilanova.cat\/fr\/wp-json\/wp\/v2\/pages\/12\/revisions"}],"predecessor-version":[{"id":904,"href":"https:\/\/www.calmagidevilanova.cat\/fr\/wp-json\/wp\/v2\/pages\/12\/revisions\/904"}],"wp:attachment":[{"href":"https:\/\/www.calmagidevilanova.cat\/fr\/wp-json\/wp\/v2\/media?parent=12"}],"curies":[{"name":"wp","href":"https:\/\/api.w.org\/{rel}","templated":true}]}}