{"id":886,"date":"2021-05-12T11:11:06","date_gmt":"2021-05-12T09:11:06","guid":{"rendered":"https:\/\/www.calmagidevilanova.cat\/es\/?page_id=886"},"modified":"2021-05-29T17:12:58","modified_gmt":"2021-05-29T15:12:58","slug":"politica-de-privacidad","status":"publish","type":"page","link":"https:\/\/www.calmagidevilanova.cat\/es\/politica-de-privacidad\/","title":{"rendered":"Pol\u00edtica de privacidad"},"content":{"rendered":"\n<div style=\"height:60px\" aria-hidden=\"true\" class=\"wp-block-spacer\"><\/div>\n\n\n\n<h2 class=\"has-text-color wp-block-heading\" style=\"color:#727430\">Pol\u00edtica de Privacidad<\/h2>\n\n\n\n<p><strong>1. DATOS DEL RESPONSABLE DEL TRATAMIENTO<\/strong><\/p>\n\n\n\n<p>Le informamos que esta web es titularidad de Francesc Xavier Amor\u00f3s Piera, (en adelante \u00abTITULAR\u00bb), con NIF 40871064H, domicilio en C \/ Mayor 64 de Vilanova de Bellpuig- CP 25264; tel\u00e9fono 608556032, correo electr\u00f3nico: <a href=\"mailto:info@calmagidevilanova.cat\">info@calmagidevilanova.cat<\/a><\/p>\n\n\n\n<p><strong>2. NORMATIVA APLICABLE<\/strong><\/p>\n\n\n\n<p>La Pol\u00edtica de Privacidad se ha dise\u00f1ado de acuerdo con el Reglamento General de Protecci\u00f3n de Datos de la UE 2016\/679 y la Ley Org\u00e1nica 3\/2018 del 5 de diciembre, de Protecci\u00f3n de Datos de car\u00e1cter personal y Garant\u00eda de los Derechos Digitales.<\/p>\n\n\n\n<p>Al facilitar sus datos, Usted declara haber le\u00eddo y conocer la presente Pol\u00edtica de Privacidad, prestando su consentimiento inequ\u00edvoco y expreso al tratamiento de sus datos personales de acuerdo con los fines y t\u00e9rminos aqu\u00ed expresados.<\/p>\n\n\n\n<p>El TITULAR podr\u00e1 modificar la presente Pol\u00edtica de Privacidad para adaptarla a las novedades legislativas, jurisprudenciales o de interpretaci\u00f3n de la Agencia Espa\u00f1ola de Protecci\u00f3n de Datos. Estas condiciones de privacidad podr\u00e1n ser complementadas por el Aviso Legal, Pol\u00edtica de Cookies y las condiciones generales que, en su caso, se recojan para determinados servicios, si dicho acceso supone alguna especialidad en materia de protecci\u00f3n de datos de car\u00e1cter personal.<\/p>\n\n\n\n<p><strong>3. FINALIDAD DEL TRATAMIENTO DE LOS DATOS PERSONALES<\/strong><\/p>\n\n\n\n<p>Se trata la informaci\u00f3n que se nos facilita para ofrecer, prestar y facturar nuestros servicios<br>Si da su consentimiento tambi\u00e9n se podr\u00e1n tratar sus datos para enviarle informaci\u00f3n sobre nuestras actividades, servicios y productos.<\/p>\n\n\n\n<p><strong>4. PLAZO DE CONSERVACI\u00d3N DE SUS DATOS<\/strong><\/p>\n\n\n\n<p>Conservaremos sus datos personales desde que nos d\u00e9 su consentimiento hasta que lo revoque o bien solicite la limitaci\u00f3n del tratamiento. En estos casos, mantendremos sus datos de manera bloqueada durante los plazos legalmente exigidos.<\/p>\n\n\n\n<p><strong>5. LEGITIMACI\u00d3N Y DATOS RECABADOS<\/strong><\/p>\n\n\n\n<p>La legitimaci\u00f3n para el tratamiento de sus datos es el consentimiento expreso otorgado mediante un acto positivo y afirmativo (rellenar el formulario correspondiente y marcar la casilla de aceptaci\u00f3n de esta pol\u00edtica) en el momento de facilitar sus datos personales.<\/p>\n\n\n\n<p>a. <span style=\"text-decoration: underline;\">Consentimiento para tratar sus datos<\/span><\/p>\n\n\n\n<p>Al rellenar los formularios, marcar la casilla \u00abAcepto la Pol\u00edtica de Privacidad\u00bb y hacer clic para enviar los datos, el Usuario manifiesta haber le\u00eddo y aceptado expresamente la presente pol\u00edtica de privacidad, y otorga su consentimiento inequ\u00edvoco y expreso al tratamiento de sus datos personales conforme a las finalidades indicadas.<\/p>\n\n\n\n<p>b. <span style=\"text-decoration: underline;\">Categor\u00edas de datos<\/span><\/p>\n\n\n\n<p>Los datos personales que tratamos proceden del propio interesado, quien garantiza que los datos personales facilitados son ciertos y se hace responsable de comunicar cualquier modificaci\u00f3n. Los datos que est\u00e9n marcadas con un asterisco son obligatorios para poder darle el servicio solicitado.<br>Las categor\u00edas de datos que podemos tratar son de car\u00e1cter identificativo, direcciones postales o electr\u00f3nicas u otros datos solicitados en nuestros formularios.<br>Los datos son limitadas, dado que \u00fanicamente tratamos los datos necesarios para la prestaci\u00f3n de nuestros servicios y la gesti\u00f3n de nuestra actividad.<\/p>\n\n\n\n<p><strong>6. MEDIDAS DE SEGURIDAD<\/strong><\/p>\n\n\n\n<p>Dentro de nuestro compromiso para garantizar la seguridad y confidencialidad de sus datos de car\u00e1cter personal, le informamos que se han adoptado las medidas de \u00edndole t\u00e9cnica y organizativas necesarias para garantizar la seguridad de los datos de car\u00e1cter personal y evitar su alteraci\u00f3n, p\u00e9rdida, tratamiento o acceso no autorizado, habida cuenta del estado de la tecnolog\u00eda, la naturaleza de los datos almacenados y los riesgos a que est\u00e9n expuestos, seg\u00fan el Art. 32 del RGPD EU 679\/2016.<\/p>\n\n\n\n<p><strong>7. CESI\u00d3N DE DATOS<\/strong><\/p>\n\n\n\n<p>No se prev\u00e9n cesiones de datos ni transferencias internacionales de sus datos, a excepci\u00f3n de las autorizadas por la legislaci\u00f3n fiscal, mercantil y de telecomunicaciones as\u00ed como en aquellos casos en que una autoridad judicial nos lo requiera.<\/p>\n\n\n\n<p><strong>8. DERECHOS DE LOS USUARIOS<\/strong><\/p>\n\n\n\n<p>Cualquier interesado tiene derecho a obtener confirmaci\u00f3n sobre si estamos tratando datos personales que le conciernan, o no. Los interesados \u200b\u200btienen derecho a acceder a sus datos personales, as\u00ed como a solicitar la rectificaci\u00f3n de los datos inexactos o, en su caso, solicitar su supresi\u00f3n cuando, entre otros motivos, los datos ya no sean necesarios para los fines que fueron recogidas. En determinadas circunstancias, los interesados \u200b\u200bpodr\u00e1n solicitar la limitaci\u00f3n del tratamiento de sus datos, en este caso \u00fanicamente los conservaremos para el ejercicio o la defensa de reclamaciones. Tambi\u00e9n, en determinadas circunstancias y por motivos relacionados con su situaci\u00f3n particular, los interesados \u200b\u200bpueden oponerse al tratamiento de sus datos. En este caso dejaremos de tratarlos, excepto por motivos leg\u00edtimos imperiosos o para el ejercicio o la defensa de posibles reclamaciones<\/p>\n\n\n\n<p>De acuerdo con la legislaci\u00f3n vigente tiene los siguientes derechos: derecho a solicitar el acceso a sus datos personales, derecho a solicitar su rectificaci\u00f3n o supresi\u00f3n, derecho a solicitar la limitaci\u00f3n de su tratamiento, derecho a oponerse al tratamiento, derecho a la portabilidad de los datos y asimismo, a revocar el consentimiento otorgado.<\/p>\n\n\n\n<p>8.1 <span style=\"text-decoration: underline;\">\u00bfC\u00f3mo ejercitar mis derechos?<\/span><\/p>\n\n\n\n<p>Para ejercer sus derechos, debe dirigirse al TITULAR solicitando el correspondiente formulario para el ejercicio del derecho elegido. Opcionalmente, puede acudir a la Autoridad de Control competente para obtener informaci\u00f3n adicional sobre sus derechos.<\/p>\n\n\n\n<p><strong>9. CONSENTIMIENTO PARA ENVIAR COMUNICACIONES ELECTR\u00d3NICAS<\/strong><\/p>\n\n\n\n<p>Asimismo, y de acuerdo con lo establecido en la Ley 34\/2002, de 11 de julio, de Servicios de la Sociedad de la Informaci\u00f3n y del Comercio Electr\u00f3nico, completando el formulario de recogida de datos y marcando la correspondiente casilla \u00abAcepto el env\u00edo de comunicaciones electr\u00f3nicas \u00ab, est\u00e1 otorgando el consentimiento expreso para enviarle a su direcci\u00f3n de correo electr\u00f3nico, tel\u00e9fono, fax u otro medio electr\u00f3nico, informaci\u00f3n sobre la casa.<\/p>\n\n\n\n<div style=\"height:60px\" aria-hidden=\"true\" class=\"wp-block-spacer\"><\/div>\n","protected":false},"excerpt":{"rendered":"<p>Pol\u00edtica de Privacidad 1. DATOS DEL RESPONSABLE DEL TRATAMIENTO L&#8217;informamos que este web es titularidad de Francesc Xavier Amor\u00f3s Piera, (#en lo sucesivo \u201cTITULAR\u201d), con NIF 40871064H, domicilio a C\/ Mayor 64 de Vilanova de Bellpuig- CP 25264 ; tel\u00e9fono 608556032, correo electr\u00f3nico: info@calmagidevilanova.cat 2. NORMATIVA APLICABLE La Pol\u00edtica de Privacidad se ha dise\u00f1ado de acuerdo con el [&hellip;]<\/p>\n","protected":false},"author":1,"featured_media":0,"parent":0,"menu_order":0,"comment_status":"closed","ping_status":"open","template":"","meta":{"_uag_custom_page_level_css":"","site-sidebar-layout":"default","site-content-layout":"default","ast-site-content-layout":"default","site-content-style":"default","site-sidebar-style":"default","ast-global-header-display":"","ast-banner-title-visibility":"","ast-main-header-display":"","ast-hfb-above-header-display":"","ast-hfb-below-header-display":"","ast-hfb-mobile-header-display":"","site-post-title":"disabled","ast-breadcrumbs-content":"","ast-featured-img":"","footer-sml-layout":"","ast-disable-related-posts":"","theme-transparent-header-meta":"default","adv-header-id-meta":"","stick-header-meta":"default","header-above-stick-meta":"","header-main-stick-meta":"","header-below-stick-meta":"","astra-migrate-meta-layouts":"default","ast-page-background-enabled":"default","ast-page-background-meta":{"desktop":{"background-color":"","background-image":"","background-repeat":"repeat","background-position":"center center","background-size":"auto","background-attachment":"scroll","background-type":"","background-media":"","overlay-type":"","overlay-color":"","overlay-opacity":"","overlay-gradient":""},"tablet":{"background-color":"","background-image":"","background-repeat":"repeat","background-position":"center center","background-size":"auto","background-attachment":"scroll","background-type":"","background-media":"","overlay-type":"","overlay-color":"","overlay-opacity":"","overlay-gradient":""},"mobile":{"background-color":"","background-image":"","background-repeat":"repeat","background-position":"center center","background-size":"auto","background-attachment":"scroll","background-type":"","background-media":"","overlay-type":"","overlay-color":"","overlay-opacity":"","overlay-gradient":""}},"ast-content-background-meta":{"desktop":{"background-color":"var(--ast-global-color-5)","background-image":"","background-repeat":"repeat","background-position":"center center","background-size":"auto","background-attachment":"scroll","background-type":"","background-media":"","overlay-type":"","overlay-color":"","overlay-opacity":"","overlay-gradient":""},"tablet":{"background-color":"var(--ast-global-color-5)","background-image":"","background-repeat":"repeat","background-position":"center center","background-size":"auto","background-attachment":"scroll","background-type":"","background-media":"","overlay-type":"","overlay-color":"","overlay-opacity":"","overlay-gradient":""},"mobile":{"background-color":"var(--ast-global-color-5)","background-image":"","background-repeat":"repeat","background-position":"center center","background-size":"auto","background-attachment":"scroll","background-type":"","background-media":"","overlay-type":"","overlay-color":"","overlay-opacity":"","overlay-gradient":""}},"footnotes":""},"class_list":["post-886","page","type-page","status-publish","hentry"],"yoast_head":"<!-- This site is optimized with the Yoast SEO plugin v26.8 - https:\/\/yoast.com\/product\/yoast-seo-wordpress\/ -->\n<title>Pol\u00edtica de privacidad - Cal Mag\u00ed de Vilanova<\/title>\n<meta name=\"robots\" content=\"noindex, follow\" \/>\n<meta property=\"og:locale\" content=\"es_ES\" \/>\n<meta property=\"og:type\" content=\"article\" \/>\n<meta property=\"og:title\" content=\"Pol\u00edtica de privacidad - Cal Mag\u00ed de Vilanova\" \/>\n<meta property=\"og:description\" content=\"Pol\u00edtica de Privacidad 1. DATOS DEL RESPONSABLE DEL TRATAMIENTO L&#8217;informamos que este web es titularidad de Francesc Xavier Amor\u00f3s Piera, (#en lo sucesivo \u201cTITULAR\u201d), con NIF 40871064H, domicilio a C\/ Mayor 64 de Vilanova de Bellpuig- CP 25264 ; tel\u00e9fono 608556032, correo electr\u00f3nico: info@calmagidevilanova.cat 2. NORMATIVA APLICABLE La Pol\u00edtica de Privacidad se ha dise\u00f1ado de acuerdo con el [&hellip;]\" \/>\n<meta property=\"og:url\" content=\"https:\/\/www.calmagidevilanova.cat\/es\/politica-de-privacidad\/\" \/>\n<meta property=\"og:site_name\" content=\"Cal Mag\u00ed de Vilanova\" \/>\n<meta property=\"article:modified_time\" content=\"2021-05-29T15:12:58+00:00\" \/>\n<meta name=\"twitter:card\" content=\"summary_large_image\" \/>\n<meta name=\"twitter:label1\" content=\"Tiempo de lectura\" \/>\n\t<meta name=\"twitter:data1\" content=\"4 minutos\" \/>\n<script type=\"application\/ld+json\" class=\"yoast-schema-graph\">{\"@context\":\"https:\/\/schema.org\",\"@graph\":[{\"@type\":\"WebPage\",\"@id\":\"https:\/\/www.calmagidevilanova.cat\/es\/politica-de-privacidad\/\",\"url\":\"https:\/\/www.calmagidevilanova.cat\/es\/politica-de-privacidad\/\",\"name\":\"Pol\u00edtica de privacidad - Cal Mag\u00ed de Vilanova\",\"isPartOf\":{\"@id\":\"https:\/\/www.calmagidevilanova.cat\/es\/#website\"},\"datePublished\":\"2021-05-12T09:11:06+00:00\",\"dateModified\":\"2021-05-29T15:12:58+00:00\",\"breadcrumb\":{\"@id\":\"https:\/\/www.calmagidevilanova.cat\/es\/politica-de-privacidad\/#breadcrumb\"},\"inLanguage\":\"es\",\"potentialAction\":[{\"@type\":\"ReadAction\",\"target\":[\"https:\/\/www.calmagidevilanova.cat\/es\/politica-de-privacidad\/\"]}]},{\"@type\":\"BreadcrumbList\",\"@id\":\"https:\/\/www.calmagidevilanova.cat\/es\/politica-de-privacidad\/#breadcrumb\",\"itemListElement\":[{\"@type\":\"ListItem\",\"position\":1,\"name\":\"Portada\",\"item\":\"https:\/\/www.calmagidevilanova.cat\/es\/\"},{\"@type\":\"ListItem\",\"position\":2,\"name\":\"Pol\u00edtica de privacidad\"}]},{\"@type\":\"WebSite\",\"@id\":\"https:\/\/www.calmagidevilanova.cat\/es\/#website\",\"url\":\"https:\/\/www.calmagidevilanova.cat\/es\/\",\"name\":\"Cal Mag\u00ed de Vilanova\",\"description\":\"\",\"publisher\":{\"@id\":\"https:\/\/www.calmagidevilanova.cat\/es\/#organization\"},\"potentialAction\":[{\"@type\":\"SearchAction\",\"target\":{\"@type\":\"EntryPoint\",\"urlTemplate\":\"https:\/\/www.calmagidevilanova.cat\/es\/?s={search_term_string}\"},\"query-input\":{\"@type\":\"PropertyValueSpecification\",\"valueRequired\":true,\"valueName\":\"search_term_string\"}}],\"inLanguage\":\"es\"},{\"@type\":\"Organization\",\"@id\":\"https:\/\/www.calmagidevilanova.cat\/es\/#organization\",\"name\":\"Cal Mag\u00ed de Vilanova\",\"url\":\"https:\/\/www.calmagidevilanova.cat\/es\/\",\"logo\":{\"@type\":\"ImageObject\",\"inLanguage\":\"es\",\"@id\":\"https:\/\/www.calmagidevilanova.cat\/es\/#\/schema\/logo\/image\/\",\"url\":\"https:\/\/www.calmagidevilanova.cat\/es\/wp-content\/uploads\/sites\/2\/2021\/03\/cal-magi-1.png\",\"contentUrl\":\"https:\/\/www.calmagidevilanova.cat\/es\/wp-content\/uploads\/sites\/2\/2021\/03\/cal-magi-1.png\",\"width\":901,\"height\":334,\"caption\":\"Cal Mag\u00ed de Vilanova\"},\"image\":{\"@id\":\"https:\/\/www.calmagidevilanova.cat\/es\/#\/schema\/logo\/image\/\"}}]}<\/script>\n<!-- \/ Yoast SEO plugin. -->","yoast_head_json":{"title":"Pol\u00edtica de privacidad - Cal Mag\u00ed de Vilanova","robots":{"index":"noindex","follow":"follow"},"og_locale":"es_ES","og_type":"article","og_title":"Pol\u00edtica de privacidad - Cal Mag\u00ed de Vilanova","og_description":"Pol\u00edtica de Privacidad 1. DATOS DEL RESPONSABLE DEL TRATAMIENTO L&#8217;informamos que este web es titularidad de Francesc Xavier Amor\u00f3s Piera, (#en lo sucesivo \u201cTITULAR\u201d), con NIF 40871064H, domicilio a C\/ Mayor 64 de Vilanova de Bellpuig- CP 25264 ; tel\u00e9fono 608556032, correo electr\u00f3nico: info@calmagidevilanova.cat 2. NORMATIVA APLICABLE La Pol\u00edtica de Privacidad se ha dise\u00f1ado de acuerdo con el [&hellip;]","og_url":"https:\/\/www.calmagidevilanova.cat\/es\/politica-de-privacidad\/","og_site_name":"Cal Mag\u00ed de Vilanova","article_modified_time":"2021-05-29T15:12:58+00:00","twitter_card":"summary_large_image","twitter_misc":{"Tiempo de lectura":"4 minutos"},"schema":{"@context":"https:\/\/schema.org","@graph":[{"@type":"WebPage","@id":"https:\/\/www.calmagidevilanova.cat\/es\/politica-de-privacidad\/","url":"https:\/\/www.calmagidevilanova.cat\/es\/politica-de-privacidad\/","name":"Pol\u00edtica de privacidad - Cal Mag\u00ed de Vilanova","isPartOf":{"@id":"https:\/\/www.calmagidevilanova.cat\/es\/#website"},"datePublished":"2021-05-12T09:11:06+00:00","dateModified":"2021-05-29T15:12:58+00:00","breadcrumb":{"@id":"https:\/\/www.calmagidevilanova.cat\/es\/politica-de-privacidad\/#breadcrumb"},"inLanguage":"es","potentialAction":[{"@type":"ReadAction","target":["https:\/\/www.calmagidevilanova.cat\/es\/politica-de-privacidad\/"]}]},{"@type":"BreadcrumbList","@id":"https:\/\/www.calmagidevilanova.cat\/es\/politica-de-privacidad\/#breadcrumb","itemListElement":[{"@type":"ListItem","position":1,"name":"Portada","item":"https:\/\/www.calmagidevilanova.cat\/es\/"},{"@type":"ListItem","position":2,"name":"Pol\u00edtica de privacidad"}]},{"@type":"WebSite","@id":"https:\/\/www.calmagidevilanova.cat\/es\/#website","url":"https:\/\/www.calmagidevilanova.cat\/es\/","name":"Cal Mag\u00ed de Vilanova","description":"","publisher":{"@id":"https:\/\/www.calmagidevilanova.cat\/es\/#organization"},"potentialAction":[{"@type":"SearchAction","target":{"@type":"EntryPoint","urlTemplate":"https:\/\/www.calmagidevilanova.cat\/es\/?s={search_term_string}"},"query-input":{"@type":"PropertyValueSpecification","valueRequired":true,"valueName":"search_term_string"}}],"inLanguage":"es"},{"@type":"Organization","@id":"https:\/\/www.calmagidevilanova.cat\/es\/#organization","name":"Cal Mag\u00ed de Vilanova","url":"https:\/\/www.calmagidevilanova.cat\/es\/","logo":{"@type":"ImageObject","inLanguage":"es","@id":"https:\/\/www.calmagidevilanova.cat\/es\/#\/schema\/logo\/image\/","url":"https:\/\/www.calmagidevilanova.cat\/es\/wp-content\/uploads\/sites\/2\/2021\/03\/cal-magi-1.png","contentUrl":"https:\/\/www.calmagidevilanova.cat\/es\/wp-content\/uploads\/sites\/2\/2021\/03\/cal-magi-1.png","width":901,"height":334,"caption":"Cal Mag\u00ed de Vilanova"},"image":{"@id":"https:\/\/www.calmagidevilanova.cat\/es\/#\/schema\/logo\/image\/"}}]}},"uagb_featured_image_src":{"full":false,"thumbnail":false,"medium":false,"medium_large":false,"large":false,"1536x1536":false,"2048x2048":false,"gs-tiny":false,"xl":false,"xxl":false,"xxxl":false,"xxxxl":false,"xxxxxl":false,"gform-image-choice-sm":false,"gform-image-choice-md":false,"gform-image-choice-lg":false},"uagb_author_info":{"display_name":"Albert","author_link":"https:\/\/www.calmagidevilanova.cat\/es\/author\/albert\/"},"uagb_comment_info":0,"uagb_excerpt":"Pol\u00edtica de Privacidad 1. DATOS DEL RESPONSABLE DEL TRATAMIENTO L&#8217;informamos que este web es titularidad de Francesc Xavier Amor\u00f3s Piera, (#en lo sucesivo \u201cTITULAR\u201d), con NIF 40871064H, domicilio a C\/ Mayor 64 de Vilanova de Bellpuig- CP 25264 ; tel\u00e9fono 608556032, correo electr\u00f3nico: info@calmagidevilanova.cat 2. NORMATIVA APLICABLE La Pol\u00edtica de Privacidad se ha dise\u00f1ado de&hellip;","_links":{"self":[{"href":"https:\/\/www.calmagidevilanova.cat\/es\/wp-json\/wp\/v2\/pages\/886","targetHints":{"allow":["GET"]}}],"collection":[{"href":"https:\/\/www.calmagidevilanova.cat\/es\/wp-json\/wp\/v2\/pages"}],"about":[{"href":"https:\/\/www.calmagidevilanova.cat\/es\/wp-json\/wp\/v2\/types\/page"}],"author":[{"embeddable":true,"href":"https:\/\/www.calmagidevilanova.cat\/es\/wp-json\/wp\/v2\/users\/1"}],"replies":[{"embeddable":true,"href":"https:\/\/www.calmagidevilanova.cat\/es\/wp-json\/wp\/v2\/comments?post=886"}],"version-history":[{"count":3,"href":"https:\/\/www.calmagidevilanova.cat\/es\/wp-json\/wp\/v2\/pages\/886\/revisions"}],"predecessor-version":[{"id":892,"href":"https:\/\/www.calmagidevilanova.cat\/es\/wp-json\/wp\/v2\/pages\/886\/revisions\/892"}],"wp:attachment":[{"href":"https:\/\/www.calmagidevilanova.cat\/es\/wp-json\/wp\/v2\/media?parent=886"}],"curies":[{"name":"wp","href":"https:\/\/api.w.org\/{rel}","templated":true}]}}