{"id":12,"date":"2021-03-29T13:09:55","date_gmt":"2021-03-29T11:09:55","guid":{"rendered":"https:\/\/www.calmagidevilanova.cat\/?page_id=12"},"modified":"2021-05-18T07:36:35","modified_gmt":"2021-05-18T05:36:35","slug":"la-casa","status":"publish","type":"page","link":"https:\/\/www.calmagidevilanova.cat\/es\/la-casa\/","title":{"rendered":"La casa"},"content":{"rendered":"\n<section class=\"wp-block-uagb-section uagb-section__wrap uagb-section__background-image alignfull uagb-block-d5e30f1a\"><div class=\"uagb-section__overlay\"><\/div><div class=\"uagb-section__inner-wrap\"><style>.wp-block-kadence-spacer.kt-block-spacer-_b4dc4f-85 .kt-block-spacer{height:550px;}.wp-block-kadence-spacer.kt-block-spacer-_b4dc4f-85 .kt-divider{border-top-width:1px;height:1px;border-top-color:#eee;width:80%;border-top-style:solid;}@media all and (max-width: 1024px){.wp-block-kadence-spacer.kt-block-spacer-_b4dc4f-85 .kt-block-spacer{height:400px!important;}}@media all and (max-width: 767px){.wp-block-kadence-spacer.kt-block-spacer-_b4dc4f-85 .kt-block-spacer{height:240px!important;}}<\/style>\n<div class=\"wp-block-kadence-spacer aligncenter kt-block-spacer-_b4dc4f-85\"><div class=\"kt-block-spacer kt-block-spacer-halign-center\" style=\"height:550px\"><\/div><\/div>\n<\/div><\/section>\n\n\n<style>.wp-block-kadence-spacer.kt-block-spacer-_fd2e48-6e .kt-block-spacer{height:60px;}.wp-block-kadence-spacer.kt-block-spacer-_fd2e48-6e .kt-divider{border-top-width:1px;height:1px;border-top-color:#eee;width:80%;border-top-style:solid;}@media all and (max-width: 767px){.wp-block-kadence-spacer.kt-block-spacer-_fd2e48-6e .kt-block-spacer{height:30px!important;}}<\/style>\n<div class=\"wp-block-kadence-spacer aligncenter kt-block-spacer-_fd2e48-6e\"><div class=\"kt-block-spacer kt-block-spacer-halign-center\" style=\"height:60px\"><\/div><\/div>\n\n\n\n<section class=\"wp-block-uagb-section uagb-section__wrap uagb-section__background-undefined uagb-block-502456d2\"><div class=\"uagb-section__overlay\"><\/div><div class=\"uagb-section__inner-wrap\">\n<h1 class=\"has-text-align-center has-text-color wp-block-heading\" style=\"color:#727430\">La casa<\/h1>\n\n\n\n<p>Cal Mag\u00ed de Vilanova es una casa situada en las afueras del pueblo de Vilanova de Bellpuig, en la comarca del Pla d\u2019Urgell.<\/p>\n\n\n\n<p>La casa fue construida en 1980 y desde 2008 acoge encuentros de grupos de amigos o familiares en fines de semana y vacaciones. Tambi\u00e9n acoge fiestas de aniversario, cumplea\u00f1os, comuniones o cualquier otra celebraci\u00f3n o evento.<\/p>\n\n\n\n<p>Su ubicaci\u00f3n y orientaci\u00f3n permite gozar de unas excelentes vistas de las puestas de sol de poniente que resultan m\u00e1gicas por la combinaci\u00f3n de colores que se producen.<\/p>\n\n\n\n<p>Un acogedor jard\u00edn de m\u00e1s de 500 m<sup>2<\/sup> rodea la casa. Incluye una piscina de 12 x 6 m, con una zona infantil de poca profundidad y otra zona m\u00e1s profunda, rodeada de tumbonas para tomar el sol y reposar tranquilamente. Cuenta tambi\u00e9n con una barbacoa.<\/p>\n\n\n\n<p>La casa dispone de wifi gratis y TV en todas las habitaciones.<\/p>\n\n\n\n<p>Se alquila entera, aunque para celebraciones puntuales se puede consultar la disponibilidad de espacios independientes.<\/p>\n<\/div><\/section>\n\n\n<style>.wp-block-kadence-spacer.kt-block-spacer-_97020b-13 .kt-block-spacer{height:30px;}.wp-block-kadence-spacer.kt-block-spacer-_97020b-13 .kt-divider{border-top-width:1px;height:1px;border-top-color:#eee;width:80%;border-top-style:solid;}@media all and (max-width: 767px){.wp-block-kadence-spacer.kt-block-spacer-_97020b-13 .kt-block-spacer{height:20px!important;}}<\/style>\n<div class=\"wp-block-kadence-spacer aligncenter kt-block-spacer-_97020b-13\"><div class=\"kt-block-spacer kt-block-spacer-halign-center\" style=\"height:30px\"><\/div><\/div>\n\n\n\n<hr class=\"wp-block-separator has-text-color has-background is-style-wide\" style=\"background-color:#727430;color:#727430\" \/>\n\n\n<style>.wp-block-kadence-spacer.kt-block-spacer-_710753-41 .kt-block-spacer{height:30px;}.wp-block-kadence-spacer.kt-block-spacer-_710753-41 .kt-divider{border-top-width:1px;height:1px;border-top-color:#eee;width:80%;border-top-style:solid;}@media all and (max-width: 767px){.wp-block-kadence-spacer.kt-block-spacer-_710753-41 .kt-block-spacer{height:20px!important;}}<\/style>\n<div class=\"wp-block-kadence-spacer aligncenter kt-block-spacer-_710753-41\"><div class=\"kt-block-spacer kt-block-spacer-halign-center\" style=\"height:30px\"><\/div><\/div>\n\n\n\n<h2 class=\"has-text-align-center has-text-color has-large-font-size wp-block-heading\" style=\"color:#727430\">Equipamientos<\/h2>\n\n\n\n<section class=\"wp-block-uagb-columns uagb-columns__wrap uagb-columns__background-undefined uagb-columns__stack-mobile uagb-columns__valign-undefined uagb-columns__gap-10 alignundefined uagb-block-e9edf1d6\"><div class=\"uagb-columns__overlay\"><\/div><div class=\"uagb-columns__inner-wrap uagb-columns__columns-2\">\n<div class=\"wp-block-uagb-column uagb-column__wrap uagb-column__background-undefined uagb-block-15968daf\"><div class=\"uagb-column__overlay\"><\/div><div class=\"uagb-column__inner-wrap\">\n<div class=\"wp-block-cover has-background-dim-30 has-background-dim banner_169_home\" style=\"background-color:#727430;min-height:250px;aspect-ratio:unset;\"><img loading=\"lazy\" decoding=\"async\" width=\"1500\" height=\"1125\" class=\"wp-block-cover__image-background wp-image-202\" alt=\"\" src=\"https:\/\/www.calmagidevilanova.cat\/wp-content\/uploads\/sites\/2\/2021\/03\/menjador-sala-d-estar-2-1.jpg\" data-object-fit=\"cover\" srcset=\"https:\/\/www.calmagidevilanova.cat\/es\/wp-content\/uploads\/sites\/2\/2021\/03\/menjador-sala-d-estar-2-1.jpg 1500w, https:\/\/www.calmagidevilanova.cat\/es\/wp-content\/uploads\/sites\/2\/2021\/03\/menjador-sala-d-estar-2-1-300x225.jpg 300w, https:\/\/www.calmagidevilanova.cat\/es\/wp-content\/uploads\/sites\/2\/2021\/03\/menjador-sala-d-estar-2-1-1024x768.jpg 1024w, https:\/\/www.calmagidevilanova.cat\/es\/wp-content\/uploads\/sites\/2\/2021\/03\/menjador-sala-d-estar-2-1-768x576.jpg 768w\" sizes=\"auto, (max-width: 1500px) 100vw, 1500px\" \/><div class=\"wp-block-cover__inner-container is-layout-flow wp-block-cover-is-layout-flow\">\n<p class=\"has-text-align-center has-white-color has-text-color has-large-font-size\"><a href=\"https:\/\/www.calmagidevilanova.cat\/es\/la-casa\/equipamientos\/\">Planta principal<\/a><\/p>\n<\/div><\/div>\n\n\n\n<div style=\"height:30px\" aria-hidden=\"true\" class=\"wp-block-spacer\"><\/div>\n\n\n\n<div class=\"wp-block-cover has-background-dim-30 has-background-dim banner_169_home\" style=\"background-color:#727340;min-height:250px;aspect-ratio:unset;\"><img loading=\"lazy\" decoding=\"async\" width=\"1500\" height=\"1000\" class=\"wp-block-cover__image-background wp-image-91\" alt=\"\" src=\"https:\/\/www.calmagidevilanova.cat\/wp-content\/uploads\/sites\/2\/2021\/03\/sala-d-estar-13.jpg\" data-object-fit=\"cover\" srcset=\"https:\/\/www.calmagidevilanova.cat\/es\/wp-content\/uploads\/sites\/2\/2021\/03\/sala-d-estar-13.jpg 1500w, https:\/\/www.calmagidevilanova.cat\/es\/wp-content\/uploads\/sites\/2\/2021\/03\/sala-d-estar-13-300x200.jpg 300w, https:\/\/www.calmagidevilanova.cat\/es\/wp-content\/uploads\/sites\/2\/2021\/03\/sala-d-estar-13-1024x683.jpg 1024w, https:\/\/www.calmagidevilanova.cat\/es\/wp-content\/uploads\/sites\/2\/2021\/03\/sala-d-estar-13-768x512.jpg 768w\" sizes=\"auto, (max-width: 1500px) 100vw, 1500px\" \/><div class=\"wp-block-cover__inner-container is-layout-flow wp-block-cover-is-layout-flow\">\n<p class=\"has-text-align-center has-white-color has-text-color has-large-font-size\"><a href=\"https:\/\/www.calmagidevilanova.cat\/es\/la-casa\/equipamientos\/#semisubterraneo\">Semisubterr\u00e1neo<\/a><\/p>\n<\/div><\/div>\n<\/div><\/div>\n\n\n\n<div class=\"wp-block-uagb-column uagb-column__wrap uagb-column__background-undefined uagb-block-bb73212f\"><div class=\"uagb-column__overlay\"><\/div><div class=\"uagb-column__inner-wrap\">\n<div class=\"wp-block-cover has-background-dim-30 has-background-dim banner_169_home\" style=\"background-color:#727430;min-height:250px;aspect-ratio:unset;\"><img loading=\"lazy\" decoding=\"async\" width=\"1500\" height=\"1000\" class=\"wp-block-cover__image-background wp-image-84\" alt=\"\" src=\"https:\/\/www.calmagidevilanova.cat\/wp-content\/uploads\/sites\/2\/2021\/03\/habitacio-multiple-pis-superior-4.jpg\" style=\"object-position:100% 67%\" data-object-fit=\"cover\" data-object-position=\"100% 67%\" srcset=\"https:\/\/www.calmagidevilanova.cat\/es\/wp-content\/uploads\/sites\/2\/2021\/03\/habitacio-multiple-pis-superior-4.jpg 1500w, https:\/\/www.calmagidevilanova.cat\/es\/wp-content\/uploads\/sites\/2\/2021\/03\/habitacio-multiple-pis-superior-4-300x200.jpg 300w, https:\/\/www.calmagidevilanova.cat\/es\/wp-content\/uploads\/sites\/2\/2021\/03\/habitacio-multiple-pis-superior-4-1024x683.jpg 1024w, https:\/\/www.calmagidevilanova.cat\/es\/wp-content\/uploads\/sites\/2\/2021\/03\/habitacio-multiple-pis-superior-4-768x512.jpg 768w\" sizes=\"auto, (max-width: 1500px) 100vw, 1500px\" \/><div class=\"wp-block-cover__inner-container is-layout-flow wp-block-cover-is-layout-flow\">\n<p class=\"has-text-align-center has-white-color has-text-color has-large-font-size\"><a href=\"https:\/\/www.calmagidevilanova.cat\/es\/la-casa\/equipamientos\/#primera_planta\">Primera planta<\/a><\/p>\n<\/div><\/div>\n\n\n\n<div style=\"height:30px\" aria-hidden=\"true\" class=\"wp-block-spacer\"><\/div>\n\n\n\n<div class=\"wp-block-cover has-background-dim-30 has-background-dim banner_169_home\" style=\"background-color:#727340;min-height:250px;aspect-ratio:unset;\"><img loading=\"lazy\" decoding=\"async\" width=\"1500\" height=\"1125\" class=\"wp-block-cover__image-background wp-image-109\" alt=\"\" src=\"https:\/\/www.calmagidevilanova.cat\/wp-content\/uploads\/sites\/2\/2021\/03\/jardi-6.jpg\" data-object-fit=\"cover\" srcset=\"https:\/\/www.calmagidevilanova.cat\/es\/wp-content\/uploads\/sites\/2\/2021\/03\/jardi-6.jpg 1500w, https:\/\/www.calmagidevilanova.cat\/es\/wp-content\/uploads\/sites\/2\/2021\/03\/jardi-6-300x225.jpg 300w, https:\/\/www.calmagidevilanova.cat\/es\/wp-content\/uploads\/sites\/2\/2021\/03\/jardi-6-1024x768.jpg 1024w, https:\/\/www.calmagidevilanova.cat\/es\/wp-content\/uploads\/sites\/2\/2021\/03\/jardi-6-768x576.jpg 768w\" sizes=\"auto, (max-width: 1500px) 100vw, 1500px\" \/><div class=\"wp-block-cover__inner-container is-layout-flow wp-block-cover-is-layout-flow\">\n<p class=\"has-text-align-center has-white-color has-text-color has-large-font-size\"><a href=\"https:\/\/www.calmagidevilanova.cat\/es\/la-casa\/equipamientos\/#exterior\">Exterior<\/a><\/p>\n<\/div><\/div>\n<\/div><\/div>\n<\/div><\/section>\n\n\n<style>.wp-block-kadence-spacer.kt-block-spacer-_7fb22d-fd .kt-block-spacer{height:30px;}.wp-block-kadence-spacer.kt-block-spacer-_7fb22d-fd .kt-divider{border-top-width:1px;height:1px;border-top-color:#eee;width:80%;border-top-style:solid;}@media all and (max-width: 767px){.wp-block-kadence-spacer.kt-block-spacer-_7fb22d-fd .kt-block-spacer{height:20px!important;}}<\/style>\n<div class=\"wp-block-kadence-spacer aligncenter kt-block-spacer-_7fb22d-fd\"><div class=\"kt-block-spacer kt-block-spacer-halign-center\" style=\"height:30px\"><\/div><\/div>\n\n\n\n<div class=\"wp-block-uagb-buttons uagb-buttons__outer-wrap uagb-block-ada0b29c\"><div class=\"uagb-buttons__wrap uagb-buttons-layout-wrap\">\n<div class=\"wp-block-uagb-buttons-child uagb-buttons__outer-wrap uagb-block-f663ca86\"><div class=\"uagb-button__wrapper\"><a class=\"uagb-buttons-repeater\" href=\"https:\/\/www.calmagidevilanova.cat\/es\/la-casa\/equipamientos\/\" rel=\"noopener noreferrer\" target=\"_self\"><div class=\"uagb-button__link\">Ver Equipamientos<\/div><\/a><\/div><\/div>\n<\/div><\/div>\n\n\n\n<div style=\"height:80px\" aria-hidden=\"true\" class=\"wp-block-spacer\"><\/div>\n","protected":false},"excerpt":{"rendered":"<p>Equipamientos<\/p>\n","protected":false},"author":1,"featured_media":0,"parent":0,"menu_order":0,"comment_status":"closed","ping_status":"closed","template":"","meta":{"_uag_custom_page_level_css":"","site-sidebar-layout":"default","site-content-layout":"default","ast-site-content-layout":"default","site-content-style":"default","site-sidebar-style":"default","ast-global-header-display":"","ast-banner-title-visibility":"","ast-main-header-display":"","ast-hfb-above-header-display":"","ast-hfb-below-header-display":"","ast-hfb-mobile-header-display":"","site-post-title":"disabled","ast-breadcrumbs-content":"","ast-featured-img":"","footer-sml-layout":"","ast-disable-related-posts":"","theme-transparent-header-meta":"default","adv-header-id-meta":"","stick-header-meta":"default","header-above-stick-meta":"","header-main-stick-meta":"","header-below-stick-meta":"","astra-migrate-meta-layouts":"default","ast-page-background-enabled":"default","ast-page-background-meta":{"desktop":{"background-color":"","background-image":"","background-repeat":"repeat","background-position":"center center","background-size":"auto","background-attachment":"scroll","background-type":"","background-media":"","overlay-type":"","overlay-color":"","overlay-opacity":"","overlay-gradient":""},"tablet":{"background-color":"","background-image":"","background-repeat":"repeat","background-position":"center center","background-size":"auto","background-attachment":"scroll","background-type":"","background-media":"","overlay-type":"","overlay-color":"","overlay-opacity":"","overlay-gradient":""},"mobile":{"background-color":"","background-image":"","background-repeat":"repeat","background-position":"center center","background-size":"auto","background-attachment":"scroll","background-type":"","background-media":"","overlay-type":"","overlay-color":"","overlay-opacity":"","overlay-gradient":""}},"ast-content-background-meta":{"desktop":{"background-color":"var(--ast-global-color-5)","background-image":"","background-repeat":"repeat","background-position":"center center","background-size":"auto","background-attachment":"scroll","background-type":"","background-media":"","overlay-type":"","overlay-color":"","overlay-opacity":"","overlay-gradient":""},"tablet":{"background-color":"var(--ast-global-color-5)","background-image":"","background-repeat":"repeat","background-position":"center center","background-size":"auto","background-attachment":"scroll","background-type":"","background-media":"","overlay-type":"","overlay-color":"","overlay-opacity":"","overlay-gradient":""},"mobile":{"background-color":"var(--ast-global-color-5)","background-image":"","background-repeat":"repeat","background-position":"center center","background-size":"auto","background-attachment":"scroll","background-type":"","background-media":"","overlay-type":"","overlay-color":"","overlay-opacity":"","overlay-gradient":""}},"footnotes":""},"class_list":["post-12","page","type-page","status-publish","hentry"],"yoast_head":"<!-- This site is optimized with the Yoast SEO plugin v26.8 - https:\/\/yoast.com\/product\/yoast-seo-wordpress\/ -->\n<title>La casa - Cal Mag\u00ed de Vilanova<\/title>\n<meta name=\"robots\" content=\"index, follow, max-snippet:-1, max-image-preview:large, max-video-preview:-1\" \/>\n<link rel=\"canonical\" href=\"https:\/\/www.calmagidevilanova.cat\/es\/la-casa\/\" \/>\n<meta property=\"og:locale\" content=\"es_ES\" \/>\n<meta property=\"og:type\" content=\"article\" \/>\n<meta property=\"og:title\" content=\"La casa - Cal Mag\u00ed de Vilanova\" \/>\n<meta property=\"og:description\" content=\"Equipamientos\" \/>\n<meta property=\"og:url\" content=\"https:\/\/www.calmagidevilanova.cat\/es\/la-casa\/\" \/>\n<meta property=\"og:site_name\" content=\"Cal Mag\u00ed de Vilanova\" \/>\n<meta property=\"article:modified_time\" content=\"2021-05-18T05:36:35+00:00\" \/>\n<meta property=\"og:image\" content=\"https:\/\/www.calmagidevilanova.cat\/wp-content\/uploads\/sites\/2\/2021\/03\/menjador-sala-d-estar-2-1.jpg\" \/>\n<meta name=\"twitter:card\" content=\"summary_large_image\" \/>\n<meta name=\"twitter:label1\" content=\"Tiempo de lectura\" \/>\n\t<meta name=\"twitter:data1\" content=\"2 minutos\" \/>\n<script type=\"application\/ld+json\" class=\"yoast-schema-graph\">{\"@context\":\"https:\/\/schema.org\",\"@graph\":[{\"@type\":\"WebPage\",\"@id\":\"https:\/\/www.calmagidevilanova.cat\/es\/la-casa\/\",\"url\":\"https:\/\/www.calmagidevilanova.cat\/es\/la-casa\/\",\"name\":\"La casa - Cal Mag\u00ed de Vilanova\",\"isPartOf\":{\"@id\":\"https:\/\/www.calmagidevilanova.cat\/es\/#website\"},\"primaryImageOfPage\":{\"@id\":\"https:\/\/www.calmagidevilanova.cat\/es\/la-casa\/#primaryimage\"},\"image\":{\"@id\":\"https:\/\/www.calmagidevilanova.cat\/es\/la-casa\/#primaryimage\"},\"thumbnailUrl\":\"https:\/\/www.calmagidevilanova.cat\/wp-content\/uploads\/sites\/2\/2021\/03\/menjador-sala-d-estar-2-1.jpg\",\"datePublished\":\"2021-03-29T11:09:55+00:00\",\"dateModified\":\"2021-05-18T05:36:35+00:00\",\"breadcrumb\":{\"@id\":\"https:\/\/www.calmagidevilanova.cat\/es\/la-casa\/#breadcrumb\"},\"inLanguage\":\"es\",\"potentialAction\":[{\"@type\":\"ReadAction\",\"target\":[\"https:\/\/www.calmagidevilanova.cat\/es\/la-casa\/\"]}]},{\"@type\":\"ImageObject\",\"inLanguage\":\"es\",\"@id\":\"https:\/\/www.calmagidevilanova.cat\/es\/la-casa\/#primaryimage\",\"url\":\"https:\/\/www.calmagidevilanova.cat\/wp-content\/uploads\/sites\/2\/2021\/03\/menjador-sala-d-estar-2-1.jpg\",\"contentUrl\":\"https:\/\/www.calmagidevilanova.cat\/wp-content\/uploads\/sites\/2\/2021\/03\/menjador-sala-d-estar-2-1.jpg\"},{\"@type\":\"BreadcrumbList\",\"@id\":\"https:\/\/www.calmagidevilanova.cat\/es\/la-casa\/#breadcrumb\",\"itemListElement\":[{\"@type\":\"ListItem\",\"position\":1,\"name\":\"Portada\",\"item\":\"https:\/\/www.calmagidevilanova.cat\/es\/\"},{\"@type\":\"ListItem\",\"position\":2,\"name\":\"La casa\"}]},{\"@type\":\"WebSite\",\"@id\":\"https:\/\/www.calmagidevilanova.cat\/es\/#website\",\"url\":\"https:\/\/www.calmagidevilanova.cat\/es\/\",\"name\":\"Cal Mag\u00ed de Vilanova\",\"description\":\"\",\"publisher\":{\"@id\":\"https:\/\/www.calmagidevilanova.cat\/es\/#organization\"},\"potentialAction\":[{\"@type\":\"SearchAction\",\"target\":{\"@type\":\"EntryPoint\",\"urlTemplate\":\"https:\/\/www.calmagidevilanova.cat\/es\/?s={search_term_string}\"},\"query-input\":{\"@type\":\"PropertyValueSpecification\",\"valueRequired\":true,\"valueName\":\"search_term_string\"}}],\"inLanguage\":\"es\"},{\"@type\":\"Organization\",\"@id\":\"https:\/\/www.calmagidevilanova.cat\/es\/#organization\",\"name\":\"Cal Mag\u00ed de Vilanova\",\"url\":\"https:\/\/www.calmagidevilanova.cat\/es\/\",\"logo\":{\"@type\":\"ImageObject\",\"inLanguage\":\"es\",\"@id\":\"https:\/\/www.calmagidevilanova.cat\/es\/#\/schema\/logo\/image\/\",\"url\":\"https:\/\/www.calmagidevilanova.cat\/es\/wp-content\/uploads\/sites\/2\/2021\/03\/cal-magi-1.png\",\"contentUrl\":\"https:\/\/www.calmagidevilanova.cat\/es\/wp-content\/uploads\/sites\/2\/2021\/03\/cal-magi-1.png\",\"width\":901,\"height\":334,\"caption\":\"Cal Mag\u00ed de Vilanova\"},\"image\":{\"@id\":\"https:\/\/www.calmagidevilanova.cat\/es\/#\/schema\/logo\/image\/\"}}]}<\/script>\n<!-- \/ Yoast SEO plugin. -->","yoast_head_json":{"title":"La casa - Cal Mag\u00ed de Vilanova","robots":{"index":"index","follow":"follow","max-snippet":"max-snippet:-1","max-image-preview":"max-image-preview:large","max-video-preview":"max-video-preview:-1"},"canonical":"https:\/\/www.calmagidevilanova.cat\/es\/la-casa\/","og_locale":"es_ES","og_type":"article","og_title":"La casa - Cal Mag\u00ed de Vilanova","og_description":"Equipamientos","og_url":"https:\/\/www.calmagidevilanova.cat\/es\/la-casa\/","og_site_name":"Cal Mag\u00ed de Vilanova","article_modified_time":"2021-05-18T05:36:35+00:00","og_image":[{"url":"https:\/\/www.calmagidevilanova.cat\/wp-content\/uploads\/sites\/2\/2021\/03\/menjador-sala-d-estar-2-1.jpg","type":"","width":"","height":""}],"twitter_card":"summary_large_image","twitter_misc":{"Tiempo de lectura":"2 minutos"},"schema":{"@context":"https:\/\/schema.org","@graph":[{"@type":"WebPage","@id":"https:\/\/www.calmagidevilanova.cat\/es\/la-casa\/","url":"https:\/\/www.calmagidevilanova.cat\/es\/la-casa\/","name":"La casa - Cal Mag\u00ed de Vilanova","isPartOf":{"@id":"https:\/\/www.calmagidevilanova.cat\/es\/#website"},"primaryImageOfPage":{"@id":"https:\/\/www.calmagidevilanova.cat\/es\/la-casa\/#primaryimage"},"image":{"@id":"https:\/\/www.calmagidevilanova.cat\/es\/la-casa\/#primaryimage"},"thumbnailUrl":"https:\/\/www.calmagidevilanova.cat\/wp-content\/uploads\/sites\/2\/2021\/03\/menjador-sala-d-estar-2-1.jpg","datePublished":"2021-03-29T11:09:55+00:00","dateModified":"2021-05-18T05:36:35+00:00","breadcrumb":{"@id":"https:\/\/www.calmagidevilanova.cat\/es\/la-casa\/#breadcrumb"},"inLanguage":"es","potentialAction":[{"@type":"ReadAction","target":["https:\/\/www.calmagidevilanova.cat\/es\/la-casa\/"]}]},{"@type":"ImageObject","inLanguage":"es","@id":"https:\/\/www.calmagidevilanova.cat\/es\/la-casa\/#primaryimage","url":"https:\/\/www.calmagidevilanova.cat\/wp-content\/uploads\/sites\/2\/2021\/03\/menjador-sala-d-estar-2-1.jpg","contentUrl":"https:\/\/www.calmagidevilanova.cat\/wp-content\/uploads\/sites\/2\/2021\/03\/menjador-sala-d-estar-2-1.jpg"},{"@type":"BreadcrumbList","@id":"https:\/\/www.calmagidevilanova.cat\/es\/la-casa\/#breadcrumb","itemListElement":[{"@type":"ListItem","position":1,"name":"Portada","item":"https:\/\/www.calmagidevilanova.cat\/es\/"},{"@type":"ListItem","position":2,"name":"La casa"}]},{"@type":"WebSite","@id":"https:\/\/www.calmagidevilanova.cat\/es\/#website","url":"https:\/\/www.calmagidevilanova.cat\/es\/","name":"Cal Mag\u00ed de Vilanova","description":"","publisher":{"@id":"https:\/\/www.calmagidevilanova.cat\/es\/#organization"},"potentialAction":[{"@type":"SearchAction","target":{"@type":"EntryPoint","urlTemplate":"https:\/\/www.calmagidevilanova.cat\/es\/?s={search_term_string}"},"query-input":{"@type":"PropertyValueSpecification","valueRequired":true,"valueName":"search_term_string"}}],"inLanguage":"es"},{"@type":"Organization","@id":"https:\/\/www.calmagidevilanova.cat\/es\/#organization","name":"Cal Mag\u00ed de Vilanova","url":"https:\/\/www.calmagidevilanova.cat\/es\/","logo":{"@type":"ImageObject","inLanguage":"es","@id":"https:\/\/www.calmagidevilanova.cat\/es\/#\/schema\/logo\/image\/","url":"https:\/\/www.calmagidevilanova.cat\/es\/wp-content\/uploads\/sites\/2\/2021\/03\/cal-magi-1.png","contentUrl":"https:\/\/www.calmagidevilanova.cat\/es\/wp-content\/uploads\/sites\/2\/2021\/03\/cal-magi-1.png","width":901,"height":334,"caption":"Cal Mag\u00ed de Vilanova"},"image":{"@id":"https:\/\/www.calmagidevilanova.cat\/es\/#\/schema\/logo\/image\/"}}]}},"uagb_featured_image_src":{"full":false,"thumbnail":false,"medium":false,"medium_large":false,"large":false,"1536x1536":false,"2048x2048":false,"gs-tiny":false,"xl":false,"xxl":false,"xxxl":false,"xxxxl":false,"xxxxxl":false,"gform-image-choice-sm":false,"gform-image-choice-md":false,"gform-image-choice-lg":false},"uagb_author_info":{"display_name":"Albert","author_link":"https:\/\/www.calmagidevilanova.cat\/es\/author\/albert\/"},"uagb_comment_info":0,"uagb_excerpt":"Equipamientos","_links":{"self":[{"href":"https:\/\/www.calmagidevilanova.cat\/es\/wp-json\/wp\/v2\/pages\/12","targetHints":{"allow":["GET"]}}],"collection":[{"href":"https:\/\/www.calmagidevilanova.cat\/es\/wp-json\/wp\/v2\/pages"}],"about":[{"href":"https:\/\/www.calmagidevilanova.cat\/es\/wp-json\/wp\/v2\/types\/page"}],"author":[{"embeddable":true,"href":"https:\/\/www.calmagidevilanova.cat\/es\/wp-json\/wp\/v2\/users\/1"}],"replies":[{"embeddable":true,"href":"https:\/\/www.calmagidevilanova.cat\/es\/wp-json\/wp\/v2\/comments?post=12"}],"version-history":[{"count":13,"href":"https:\/\/www.calmagidevilanova.cat\/es\/wp-json\/wp\/v2\/pages\/12\/revisions"}],"predecessor-version":[{"id":906,"href":"https:\/\/www.calmagidevilanova.cat\/es\/wp-json\/wp\/v2\/pages\/12\/revisions\/906"}],"wp:attachment":[{"href":"https:\/\/www.calmagidevilanova.cat\/es\/wp-json\/wp\/v2\/media?parent=12"}],"curies":[{"name":"wp","href":"https:\/\/api.w.org\/{rel}","templated":true}]}}